{"id":823,"date":"2020-11-09T17:25:08","date_gmt":"2020-11-09T17:25:08","guid":{"rendered":"http:\/\/cooperativagenytec.com\/?post_type=product&#038;p=823"},"modified":"2024-07-02T18:58:40","modified_gmt":"2024-07-02T18:58:40","slug":"inseminacion-artificial","status":"publish","type":"product","link":"https:\/\/cooperativagenytec.com\/en\/product\/inseminacion-artificial\/","title":{"rendered":"Inseminaci\u00f3n Artificial"},"content":{"rendered":"","protected":false},"excerpt":{"rendered":"<p>El mejoramiento gen\u00e9tico es una herramienta fundamental para el avance productivo de los hatos ganaderos, GENYTEC presta el servicio de inseminaci\u00f3n en su finca, se brinda un servicio de excelente calidad con t\u00e9cnicos capacitados en el \u00e1rea , contamos con un amplio cat\u00e1logo de toros probados de alto valor gen\u00e9tico, importados por la cooperativa COLANTA de pa\u00edses l\u00edderes en mejoramiento gen\u00e9tico, con los mejores \u00edndices de producci\u00f3n y calidad tanto en ganado lechero como de carne, tambi\u00e9n se realiza la evaluaci\u00f3n lineal para aumentar la mejora de su ganado y el resultado con hijas de mejores m\u00e9ritos gen\u00e9ticos. Para m\u00e1s informaci\u00f3n cont\u00e1ctenos.<br \/>\nNuestras Ventajas<br \/>\n\u2022 Diferir el servicio a trav\u00e9s del pago de la leche, para asociados y productores de COLANTA.<br \/>\n\u2022 Toros importados altamente confiables tanto en producci\u00f3n, prote\u00edna y grasa.<br \/>\n\u2022 Servicio 24\/7<br \/>\n\u2022 Contamos con m\u00e1s de 20 a\u00f1os de experiencia en la inseminaci\u00f3n artificial nuestros t\u00e9cnicos son altamente capacitados y con gran calidad humana, estos nos hacen su mejor elecci\u00f3n.<\/p>","protected":false},"featured_media":1692,"comment_status":"open","ping_status":"closed","template":"","meta":{"site-sidebar-layout":"default","site-content-layout":"default","ast-site-content-layout":"default","site-content-style":"default","site-sidebar-style":"default","ast-global-header-display":"","ast-banner-title-visibility":"","ast-main-header-display":"","ast-hfb-above-header-display":"","ast-hfb-below-header-display":"","ast-hfb-mobile-header-display":"","site-post-title":"","ast-breadcrumbs-content":"","ast-featured-img":"","footer-sml-layout":"","ast-disable-related-posts":"","theme-transparent-header-meta":"default","adv-header-id-meta":"","stick-header-meta":"","header-above-stick-meta":"","header-main-stick-meta":"","header-below-stick-meta":"","astra-migrate-meta-layouts":"default","ast-page-background-enabled":"default","ast-page-background-meta":{"desktop":{"background-color":"","background-image":"","background-repeat":"repeat","background-position":"center center","background-size":"auto","background-attachment":"scroll","background-type":"","background-media":"","overlay-type":"","overlay-color":"","overlay-opacity":"","overlay-gradient":""},"tablet":{"background-color":"","background-image":"","background-repeat":"repeat","background-position":"center center","background-size":"auto","background-attachment":"scroll","background-type":"","background-media":"","overlay-type":"","overlay-color":"","overlay-opacity":"","overlay-gradient":""},"mobile":{"background-color":"","background-image":"","background-repeat":"repeat","background-position":"center center","background-size":"auto","background-attachment":"scroll","background-type":"","background-media":"","overlay-type":"","overlay-color":"","overlay-opacity":"","overlay-gradient":""}},"ast-content-background-meta":{"desktop":{"background-color":"var(--ast-global-color-5)","background-image":"","background-repeat":"repeat","background-position":"center center","background-size":"auto","background-attachment":"scroll","background-type":"","background-media":"","overlay-type":"","overlay-color":"","overlay-opacity":"","overlay-gradient":""},"tablet":{"background-color":"var(--ast-global-color-5)","background-image":"","background-repeat":"repeat","background-position":"center center","background-size":"auto","background-attachment":"scroll","background-type":"","background-media":"","overlay-type":"","overlay-color":"","overlay-opacity":"","overlay-gradient":""},"mobile":{"background-color":"var(--ast-global-color-5)","background-image":"","background-repeat":"repeat","background-position":"center center","background-size":"auto","background-attachment":"scroll","background-type":"","background-media":"","overlay-type":"","overlay-color":"","overlay-opacity":"","overlay-gradient":""}},"_joinchat":[]},"product_cat":[22],"product_tag":[],"yoast_head":"<!-- This site is optimized with the Yoast SEO plugin v23.5 - https:\/\/yoast.com\/wordpress\/plugins\/seo\/ -->\n<title>Inseminaci\u00f3n Artificial - Cooperativa Genytec<\/title>\n<meta name=\"robots\" content=\"index, follow, max-snippet:-1, max-image-preview:large, max-video-preview:-1\" \/>\n<link rel=\"canonical\" href=\"https:\/\/cooperativagenytec.com\/en\/product\/inseminacion-artificial\/\" \/>\n<meta property=\"og:locale\" content=\"en_US\" \/>\n<meta property=\"og:type\" content=\"article\" \/>\n<meta property=\"og:title\" content=\"Inseminaci\u00f3n Artificial - Cooperativa Genytec\" \/>\n<meta property=\"og:description\" content=\"El mejoramiento gen\u00e9tico es una herramienta fundamental para el avance productivo de los hatos ganaderos, GENYTEC presta el servicio de inseminaci\u00f3n en su finca, se brinda un servicio de excelente calidad con t\u00e9cnicos capacitados en el \u00e1rea , contamos con un amplio cat\u00e1logo de toros probados de alto valor gen\u00e9tico, importados por la cooperativa COLANTA de pa\u00edses l\u00edderes en mejoramiento gen\u00e9tico, con los mejores \u00edndices de producci\u00f3n y calidad tanto en ganado lechero como de carne, tambi\u00e9n se realiza la evaluaci\u00f3n lineal para aumentar la mejora de su ganado y el resultado con hijas de mejores m\u00e9ritos gen\u00e9ticos. Para m\u00e1s informaci\u00f3n cont\u00e1ctenos. Nuestras Ventajas \u2022 Diferir el servicio a trav\u00e9s del pago de la leche, para asociados y productores de COLANTA. \u2022 Toros importados altamente confiables tanto en producci\u00f3n, prote\u00edna y grasa. \u2022 Servicio 24\/7 \u2022 Contamos con m\u00e1s de 20 a\u00f1os de experiencia en la inseminaci\u00f3n artificial nuestros t\u00e9cnicos son altamente capacitados y con gran calidad humana, estos nos hacen su mejor elecci\u00f3n.\" \/>\n<meta property=\"og:url\" content=\"https:\/\/cooperativagenytec.com\/en\/product\/inseminacion-artificial\/\" \/>\n<meta property=\"og:site_name\" content=\"Cooperativa Genytec\" \/>\n<meta property=\"article:modified_time\" content=\"2024-07-02T18:58:40+00:00\" \/>\n<meta property=\"og:image\" content=\"https:\/\/cooperativagenytec.com\/wp-content\/uploads\/2022\/06\/P1070706-scaled.jpg\" \/>\n\t<meta property=\"og:image:width\" content=\"2560\" \/>\n\t<meta property=\"og:image:height\" content=\"1707\" \/>\n\t<meta property=\"og:image:type\" content=\"image\/jpeg\" \/>\n<meta name=\"twitter:card\" content=\"summary_large_image\" \/>\n<script type=\"application\/ld+json\" class=\"yoast-schema-graph\">{\"@context\":\"https:\/\/schema.org\",\"@graph\":[{\"@type\":\"WebPage\",\"@id\":\"https:\/\/cooperativagenytec.com\/producto\/inseminacion-artificial\/\",\"url\":\"https:\/\/cooperativagenytec.com\/producto\/inseminacion-artificial\/\",\"name\":\"Inseminaci\u00f3n Artificial - Cooperativa Genytec\",\"isPartOf\":{\"@id\":\"https:\/\/cooperativagenytec.com\/#website\"},\"primaryImageOfPage\":{\"@id\":\"https:\/\/cooperativagenytec.com\/producto\/inseminacion-artificial\/#primaryimage\"},\"image\":{\"@id\":\"https:\/\/cooperativagenytec.com\/producto\/inseminacion-artificial\/#primaryimage\"},\"thumbnailUrl\":\"https:\/\/cooperativagenytec.com\/wp-content\/uploads\/2022\/06\/P1070706-scaled.jpg\",\"datePublished\":\"2020-11-09T17:25:08+00:00\",\"dateModified\":\"2024-07-02T18:58:40+00:00\",\"breadcrumb\":{\"@id\":\"https:\/\/cooperativagenytec.com\/producto\/inseminacion-artificial\/#breadcrumb\"},\"inLanguage\":\"en-US\",\"potentialAction\":[{\"@type\":\"ReadAction\",\"target\":[\"https:\/\/cooperativagenytec.com\/producto\/inseminacion-artificial\/\"]}]},{\"@type\":\"ImageObject\",\"inLanguage\":\"en-US\",\"@id\":\"https:\/\/cooperativagenytec.com\/producto\/inseminacion-artificial\/#primaryimage\",\"url\":\"https:\/\/cooperativagenytec.com\/wp-content\/uploads\/2022\/06\/P1070706-scaled.jpg\",\"contentUrl\":\"https:\/\/cooperativagenytec.com\/wp-content\/uploads\/2022\/06\/P1070706-scaled.jpg\",\"width\":2560,\"height\":1707},{\"@type\":\"BreadcrumbList\",\"@id\":\"https:\/\/cooperativagenytec.com\/producto\/inseminacion-artificial\/#breadcrumb\",\"itemListElement\":[{\"@type\":\"ListItem\",\"position\":1,\"name\":\"Portada\",\"item\":\"https:\/\/cooperativagenytec.com\/\"},{\"@type\":\"ListItem\",\"position\":2,\"name\":\"Catalogo de Servicios\",\"item\":\"https:\/\/cooperativagenytec.com\/tienda-2\/catalogo-de-servicios\/\"},{\"@type\":\"ListItem\",\"position\":3,\"name\":\"Inseminaci\u00f3n Artificial\"}]},{\"@type\":\"WebSite\",\"@id\":\"https:\/\/cooperativagenytec.com\/#website\",\"url\":\"https:\/\/cooperativagenytec.com\/\",\"name\":\"Cooperativa Genytec\",\"description\":\"Cooperativa Genytec\",\"publisher\":{\"@id\":\"https:\/\/cooperativagenytec.com\/#organization\"},\"potentialAction\":[{\"@type\":\"SearchAction\",\"target\":{\"@type\":\"EntryPoint\",\"urlTemplate\":\"https:\/\/cooperativagenytec.com\/?s={search_term_string}\"},\"query-input\":{\"@type\":\"PropertyValueSpecification\",\"valueRequired\":true,\"valueName\":\"search_term_string\"}}],\"inLanguage\":\"en-US\"},{\"@type\":\"Organization\",\"@id\":\"https:\/\/cooperativagenytec.com\/#organization\",\"name\":\"Cooperativa Genytec\",\"url\":\"https:\/\/cooperativagenytec.com\/\",\"logo\":{\"@type\":\"ImageObject\",\"inLanguage\":\"en-US\",\"@id\":\"https:\/\/cooperativagenytec.com\/#\/schema\/logo\/image\/\",\"url\":\"https:\/\/cooperativagenytec.com\/wp-content\/uploads\/2020\/11\/cropped-0-logo.png\",\"contentUrl\":\"https:\/\/cooperativagenytec.com\/wp-content\/uploads\/2020\/11\/cropped-0-logo.png\",\"width\":133,\"height\":100,\"caption\":\"Cooperativa Genytec\"},\"image\":{\"@id\":\"https:\/\/cooperativagenytec.com\/#\/schema\/logo\/image\/\"}}]}<\/script>\n<!-- \/ Yoast SEO plugin. -->","yoast_head_json":{"title":"Inseminaci\u00f3n Artificial - Cooperativa Genytec","robots":{"index":"index","follow":"follow","max-snippet":"max-snippet:-1","max-image-preview":"max-image-preview:large","max-video-preview":"max-video-preview:-1"},"canonical":"https:\/\/cooperativagenytec.com\/en\/product\/inseminacion-artificial\/","og_locale":"en_US","og_type":"article","og_title":"Inseminaci\u00f3n Artificial - Cooperativa Genytec","og_description":"El mejoramiento gen\u00e9tico es una herramienta fundamental para el avance productivo de los hatos ganaderos, GENYTEC presta el servicio de inseminaci\u00f3n en su finca, se brinda un servicio de excelente calidad con t\u00e9cnicos capacitados en el \u00e1rea , contamos con un amplio cat\u00e1logo de toros probados de alto valor gen\u00e9tico, importados por la cooperativa COLANTA de pa\u00edses l\u00edderes en mejoramiento gen\u00e9tico, con los mejores \u00edndices de producci\u00f3n y calidad tanto en ganado lechero como de carne, tambi\u00e9n se realiza la evaluaci\u00f3n lineal para aumentar la mejora de su ganado y el resultado con hijas de mejores m\u00e9ritos gen\u00e9ticos. Para m\u00e1s informaci\u00f3n cont\u00e1ctenos. Nuestras Ventajas \u2022 Diferir el servicio a trav\u00e9s del pago de la leche, para asociados y productores de COLANTA. \u2022 Toros importados altamente confiables tanto en producci\u00f3n, prote\u00edna y grasa. \u2022 Servicio 24\/7 \u2022 Contamos con m\u00e1s de 20 a\u00f1os de experiencia en la inseminaci\u00f3n artificial nuestros t\u00e9cnicos son altamente capacitados y con gran calidad humana, estos nos hacen su mejor elecci\u00f3n.","og_url":"https:\/\/cooperativagenytec.com\/en\/product\/inseminacion-artificial\/","og_site_name":"Cooperativa Genytec","article_modified_time":"2024-07-02T18:58:40+00:00","og_image":[{"width":2560,"height":1707,"url":"https:\/\/cooperativagenytec.com\/wp-content\/uploads\/2022\/06\/P1070706-scaled.jpg","type":"image\/jpeg"}],"twitter_card":"summary_large_image","schema":{"@context":"https:\/\/schema.org","@graph":[{"@type":"WebPage","@id":"https:\/\/cooperativagenytec.com\/producto\/inseminacion-artificial\/","url":"https:\/\/cooperativagenytec.com\/producto\/inseminacion-artificial\/","name":"Inseminaci\u00f3n Artificial - Cooperativa Genytec","isPartOf":{"@id":"https:\/\/cooperativagenytec.com\/#website"},"primaryImageOfPage":{"@id":"https:\/\/cooperativagenytec.com\/producto\/inseminacion-artificial\/#primaryimage"},"image":{"@id":"https:\/\/cooperativagenytec.com\/producto\/inseminacion-artificial\/#primaryimage"},"thumbnailUrl":"https:\/\/cooperativagenytec.com\/wp-content\/uploads\/2022\/06\/P1070706-scaled.jpg","datePublished":"2020-11-09T17:25:08+00:00","dateModified":"2024-07-02T18:58:40+00:00","breadcrumb":{"@id":"https:\/\/cooperativagenytec.com\/producto\/inseminacion-artificial\/#breadcrumb"},"inLanguage":"en-US","potentialAction":[{"@type":"ReadAction","target":["https:\/\/cooperativagenytec.com\/producto\/inseminacion-artificial\/"]}]},{"@type":"ImageObject","inLanguage":"en-US","@id":"https:\/\/cooperativagenytec.com\/producto\/inseminacion-artificial\/#primaryimage","url":"https:\/\/cooperativagenytec.com\/wp-content\/uploads\/2022\/06\/P1070706-scaled.jpg","contentUrl":"https:\/\/cooperativagenytec.com\/wp-content\/uploads\/2022\/06\/P1070706-scaled.jpg","width":2560,"height":1707},{"@type":"BreadcrumbList","@id":"https:\/\/cooperativagenytec.com\/producto\/inseminacion-artificial\/#breadcrumb","itemListElement":[{"@type":"ListItem","position":1,"name":"Portada","item":"https:\/\/cooperativagenytec.com\/"},{"@type":"ListItem","position":2,"name":"Catalogo de Servicios","item":"https:\/\/cooperativagenytec.com\/tienda-2\/catalogo-de-servicios\/"},{"@type":"ListItem","position":3,"name":"Inseminaci\u00f3n Artificial"}]},{"@type":"WebSite","@id":"https:\/\/cooperativagenytec.com\/#website","url":"https:\/\/cooperativagenytec.com\/","name":"Cooperativa Genytec","description":"Cooperativa Genytec","publisher":{"@id":"https:\/\/cooperativagenytec.com\/#organization"},"potentialAction":[{"@type":"SearchAction","target":{"@type":"EntryPoint","urlTemplate":"https:\/\/cooperativagenytec.com\/?s={search_term_string}"},"query-input":{"@type":"PropertyValueSpecification","valueRequired":true,"valueName":"search_term_string"}}],"inLanguage":"en-US"},{"@type":"Organization","@id":"https:\/\/cooperativagenytec.com\/#organization","name":"Cooperativa Genytec","url":"https:\/\/cooperativagenytec.com\/","logo":{"@type":"ImageObject","inLanguage":"en-US","@id":"https:\/\/cooperativagenytec.com\/#\/schema\/logo\/image\/","url":"https:\/\/cooperativagenytec.com\/wp-content\/uploads\/2020\/11\/cropped-0-logo.png","contentUrl":"https:\/\/cooperativagenytec.com\/wp-content\/uploads\/2020\/11\/cropped-0-logo.png","width":133,"height":100,"caption":"Cooperativa Genytec"},"image":{"@id":"https:\/\/cooperativagenytec.com\/#\/schema\/logo\/image\/"}}]}},"_links":{"self":[{"href":"https:\/\/cooperativagenytec.com\/en\/wp-json\/wp\/v2\/product\/823"}],"collection":[{"href":"https:\/\/cooperativagenytec.com\/en\/wp-json\/wp\/v2\/product"}],"about":[{"href":"https:\/\/cooperativagenytec.com\/en\/wp-json\/wp\/v2\/types\/product"}],"replies":[{"embeddable":true,"href":"https:\/\/cooperativagenytec.com\/en\/wp-json\/wp\/v2\/comments?post=823"}],"wp:featuredmedia":[{"embeddable":true,"href":"https:\/\/cooperativagenytec.com\/en\/wp-json\/wp\/v2\/media\/1692"}],"wp:attachment":[{"href":"https:\/\/cooperativagenytec.com\/en\/wp-json\/wp\/v2\/media?parent=823"}],"wp:term":[{"taxonomy":"product_cat","embeddable":true,"href":"https:\/\/cooperativagenytec.com\/en\/wp-json\/wp\/v2\/product_cat?post=823"},{"taxonomy":"product_tag","embeddable":true,"href":"https:\/\/cooperativagenytec.com\/en\/wp-json\/wp\/v2\/product_tag?post=823"}],"curies":[{"name":"wp","href":"https:\/\/api.w.org\/{rel}","templated":true}]}}