{"id":1914,"date":"2022-06-09T21:30:49","date_gmt":"2022-06-09T21:30:49","guid":{"rendered":"https:\/\/cooperativagenytec.com\/?post_type=product&#038;p=1914"},"modified":"2022-06-09T21:32:39","modified_gmt":"2022-06-09T21:32:39","slug":"comercial-y-ventas","status":"publish","type":"product","link":"https:\/\/cooperativagenytec.com\/en\/product\/comercial-y-ventas\/","title":{"rendered":"Comercial y ventas"},"content":{"rendered":"","protected":false},"excerpt":{"rendered":"<p>Facilitamos la consecuci\u00f3n de bienes y servicios prestados del sector agropecuario a nuestros clientes y asociados:<\/p>\n<ul>\n<li>Venta y distribuci\u00f3n de semen bovino y porcino de la mejor calidad y en diversidad de razas.<\/li>\n<li>Insumos para inseminaci\u00f3n artificial.<\/li>\n<\/ul>","protected":false},"featured_media":1227,"comment_status":"open","ping_status":"closed","template":"","meta":{"site-sidebar-layout":"default","site-content-layout":"default","ast-site-content-layout":"default","site-content-style":"default","site-sidebar-style":"default","ast-global-header-display":"","ast-banner-title-visibility":"","ast-main-header-display":"","ast-hfb-above-header-display":"","ast-hfb-below-header-display":"","ast-hfb-mobile-header-display":"","site-post-title":"","ast-breadcrumbs-content":"","ast-featured-img":"","footer-sml-layout":"","ast-disable-related-posts":"","theme-transparent-header-meta":"default","adv-header-id-meta":"","stick-header-meta":"","header-above-stick-meta":"","header-main-stick-meta":"","header-below-stick-meta":"","astra-migrate-meta-layouts":"default","ast-page-background-enabled":"default","ast-page-background-meta":{"desktop":{"background-color":"","background-image":"","background-repeat":"repeat","background-position":"center center","background-size":"auto","background-attachment":"scroll","background-type":"","background-media":"","overlay-type":"","overlay-color":"","overlay-opacity":"","overlay-gradient":""},"tablet":{"background-color":"","background-image":"","background-repeat":"repeat","background-position":"center center","background-size":"auto","background-attachment":"scroll","background-type":"","background-media":"","overlay-type":"","overlay-color":"","overlay-opacity":"","overlay-gradient":""},"mobile":{"background-color":"","background-image":"","background-repeat":"repeat","background-position":"center center","background-size":"auto","background-attachment":"scroll","background-type":"","background-media":"","overlay-type":"","overlay-color":"","overlay-opacity":"","overlay-gradient":""}},"ast-content-background-meta":{"desktop":{"background-color":"var(--ast-global-color-5)","background-image":"","background-repeat":"repeat","background-position":"center center","background-size":"auto","background-attachment":"scroll","background-type":"","background-media":"","overlay-type":"","overlay-color":"","overlay-opacity":"","overlay-gradient":""},"tablet":{"background-color":"var(--ast-global-color-5)","background-image":"","background-repeat":"repeat","background-position":"center center","background-size":"auto","background-attachment":"scroll","background-type":"","background-media":"","overlay-type":"","overlay-color":"","overlay-opacity":"","overlay-gradient":""},"mobile":{"background-color":"var(--ast-global-color-5)","background-image":"","background-repeat":"repeat","background-position":"center center","background-size":"auto","background-attachment":"scroll","background-type":"","background-media":"","overlay-type":"","overlay-color":"","overlay-opacity":"","overlay-gradient":""}},"_joinchat":[]},"product_cat":[23],"product_tag":[],"yoast_head":"<!-- This site is optimized with the Yoast SEO plugin v23.5 - https:\/\/yoast.com\/wordpress\/plugins\/seo\/ -->\n<title>Comercial y ventas - Cooperativa Genytec<\/title>\n<meta name=\"robots\" content=\"index, follow, max-snippet:-1, max-image-preview:large, max-video-preview:-1\" \/>\n<link rel=\"canonical\" href=\"https:\/\/cooperativagenytec.com\/en\/product\/comercial-y-ventas\/\" \/>\n<meta property=\"og:locale\" content=\"en_US\" \/>\n<meta property=\"og:type\" content=\"article\" \/>\n<meta property=\"og:title\" content=\"Comercial y ventas - Cooperativa Genytec\" \/>\n<meta property=\"og:description\" content=\"Facilitamos la consecuci\u00f3n de bienes y servicios prestados del sector agropecuario a nuestros clientes y asociados:   Venta y distribuci\u00f3n de semen bovino y porcino de la mejor calidad y en diversidad de razas.  Insumos para inseminaci\u00f3n artificial.\" \/>\n<meta property=\"og:url\" content=\"https:\/\/cooperativagenytec.com\/en\/product\/comercial-y-ventas\/\" \/>\n<meta property=\"og:site_name\" content=\"Cooperativa Genytec\" \/>\n<meta property=\"article:modified_time\" content=\"2022-06-09T21:32:39+00:00\" \/>\n<meta property=\"og:image\" content=\"https:\/\/cooperativagenytec.com\/wp-content\/uploads\/2021\/08\/IMG_20210825_1455220502-scaled.jpg\" \/>\n\t<meta property=\"og:image:width\" content=\"2000\" \/>\n\t<meta property=\"og:image:height\" content=\"2560\" \/>\n\t<meta property=\"og:image:type\" content=\"image\/jpeg\" \/>\n<meta name=\"twitter:card\" content=\"summary_large_image\" \/>\n<script type=\"application\/ld+json\" class=\"yoast-schema-graph\">{\"@context\":\"https:\/\/schema.org\",\"@graph\":[{\"@type\":\"WebPage\",\"@id\":\"https:\/\/cooperativagenytec.com\/producto\/comercial-y-ventas\/\",\"url\":\"https:\/\/cooperativagenytec.com\/producto\/comercial-y-ventas\/\",\"name\":\"Comercial y ventas - Cooperativa Genytec\",\"isPartOf\":{\"@id\":\"https:\/\/cooperativagenytec.com\/#website\"},\"primaryImageOfPage\":{\"@id\":\"https:\/\/cooperativagenytec.com\/producto\/comercial-y-ventas\/#primaryimage\"},\"image\":{\"@id\":\"https:\/\/cooperativagenytec.com\/producto\/comercial-y-ventas\/#primaryimage\"},\"thumbnailUrl\":\"https:\/\/cooperativagenytec.com\/wp-content\/uploads\/2021\/08\/IMG_20210825_1455220502-scaled.jpg\",\"datePublished\":\"2022-06-09T21:30:49+00:00\",\"dateModified\":\"2022-06-09T21:32:39+00:00\",\"breadcrumb\":{\"@id\":\"https:\/\/cooperativagenytec.com\/producto\/comercial-y-ventas\/#breadcrumb\"},\"inLanguage\":\"en-US\",\"potentialAction\":[{\"@type\":\"ReadAction\",\"target\":[\"https:\/\/cooperativagenytec.com\/producto\/comercial-y-ventas\/\"]}]},{\"@type\":\"ImageObject\",\"inLanguage\":\"en-US\",\"@id\":\"https:\/\/cooperativagenytec.com\/producto\/comercial-y-ventas\/#primaryimage\",\"url\":\"https:\/\/cooperativagenytec.com\/wp-content\/uploads\/2021\/08\/IMG_20210825_1455220502-scaled.jpg\",\"contentUrl\":\"https:\/\/cooperativagenytec.com\/wp-content\/uploads\/2021\/08\/IMG_20210825_1455220502-scaled.jpg\",\"width\":2000,\"height\":2560},{\"@type\":\"BreadcrumbList\",\"@id\":\"https:\/\/cooperativagenytec.com\/producto\/comercial-y-ventas\/#breadcrumb\",\"itemListElement\":[{\"@type\":\"ListItem\",\"position\":1,\"name\":\"Portada\",\"item\":\"https:\/\/cooperativagenytec.com\/\"},{\"@type\":\"ListItem\",\"position\":2,\"name\":\"Catalogo de Servicios\",\"item\":\"https:\/\/cooperativagenytec.com\/tienda-2\/catalogo-de-servicios\/\"},{\"@type\":\"ListItem\",\"position\":3,\"name\":\"Comercial y ventas\"}]},{\"@type\":\"WebSite\",\"@id\":\"https:\/\/cooperativagenytec.com\/#website\",\"url\":\"https:\/\/cooperativagenytec.com\/\",\"name\":\"Cooperativa Genytec\",\"description\":\"Cooperativa Genytec\",\"publisher\":{\"@id\":\"https:\/\/cooperativagenytec.com\/#organization\"},\"potentialAction\":[{\"@type\":\"SearchAction\",\"target\":{\"@type\":\"EntryPoint\",\"urlTemplate\":\"https:\/\/cooperativagenytec.com\/?s={search_term_string}\"},\"query-input\":{\"@type\":\"PropertyValueSpecification\",\"valueRequired\":true,\"valueName\":\"search_term_string\"}}],\"inLanguage\":\"en-US\"},{\"@type\":\"Organization\",\"@id\":\"https:\/\/cooperativagenytec.com\/#organization\",\"name\":\"Cooperativa Genytec\",\"url\":\"https:\/\/cooperativagenytec.com\/\",\"logo\":{\"@type\":\"ImageObject\",\"inLanguage\":\"en-US\",\"@id\":\"https:\/\/cooperativagenytec.com\/#\/schema\/logo\/image\/\",\"url\":\"https:\/\/cooperativagenytec.com\/wp-content\/uploads\/2020\/11\/cropped-0-logo.png\",\"contentUrl\":\"https:\/\/cooperativagenytec.com\/wp-content\/uploads\/2020\/11\/cropped-0-logo.png\",\"width\":133,\"height\":100,\"caption\":\"Cooperativa Genytec\"},\"image\":{\"@id\":\"https:\/\/cooperativagenytec.com\/#\/schema\/logo\/image\/\"}}]}<\/script>\n<!-- \/ Yoast SEO plugin. -->","yoast_head_json":{"title":"Comercial y ventas - Cooperativa Genytec","robots":{"index":"index","follow":"follow","max-snippet":"max-snippet:-1","max-image-preview":"max-image-preview:large","max-video-preview":"max-video-preview:-1"},"canonical":"https:\/\/cooperativagenytec.com\/en\/product\/comercial-y-ventas\/","og_locale":"en_US","og_type":"article","og_title":"Comercial y ventas - Cooperativa Genytec","og_description":"Facilitamos la consecuci\u00f3n de bienes y servicios prestados del sector agropecuario a nuestros clientes y asociados:   Venta y distribuci\u00f3n de semen bovino y porcino de la mejor calidad y en diversidad de razas.  Insumos para inseminaci\u00f3n artificial.","og_url":"https:\/\/cooperativagenytec.com\/en\/product\/comercial-y-ventas\/","og_site_name":"Cooperativa Genytec","article_modified_time":"2022-06-09T21:32:39+00:00","og_image":[{"width":2000,"height":2560,"url":"https:\/\/cooperativagenytec.com\/wp-content\/uploads\/2021\/08\/IMG_20210825_1455220502-scaled.jpg","type":"image\/jpeg"}],"twitter_card":"summary_large_image","schema":{"@context":"https:\/\/schema.org","@graph":[{"@type":"WebPage","@id":"https:\/\/cooperativagenytec.com\/producto\/comercial-y-ventas\/","url":"https:\/\/cooperativagenytec.com\/producto\/comercial-y-ventas\/","name":"Comercial y ventas - Cooperativa Genytec","isPartOf":{"@id":"https:\/\/cooperativagenytec.com\/#website"},"primaryImageOfPage":{"@id":"https:\/\/cooperativagenytec.com\/producto\/comercial-y-ventas\/#primaryimage"},"image":{"@id":"https:\/\/cooperativagenytec.com\/producto\/comercial-y-ventas\/#primaryimage"},"thumbnailUrl":"https:\/\/cooperativagenytec.com\/wp-content\/uploads\/2021\/08\/IMG_20210825_1455220502-scaled.jpg","datePublished":"2022-06-09T21:30:49+00:00","dateModified":"2022-06-09T21:32:39+00:00","breadcrumb":{"@id":"https:\/\/cooperativagenytec.com\/producto\/comercial-y-ventas\/#breadcrumb"},"inLanguage":"en-US","potentialAction":[{"@type":"ReadAction","target":["https:\/\/cooperativagenytec.com\/producto\/comercial-y-ventas\/"]}]},{"@type":"ImageObject","inLanguage":"en-US","@id":"https:\/\/cooperativagenytec.com\/producto\/comercial-y-ventas\/#primaryimage","url":"https:\/\/cooperativagenytec.com\/wp-content\/uploads\/2021\/08\/IMG_20210825_1455220502-scaled.jpg","contentUrl":"https:\/\/cooperativagenytec.com\/wp-content\/uploads\/2021\/08\/IMG_20210825_1455220502-scaled.jpg","width":2000,"height":2560},{"@type":"BreadcrumbList","@id":"https:\/\/cooperativagenytec.com\/producto\/comercial-y-ventas\/#breadcrumb","itemListElement":[{"@type":"ListItem","position":1,"name":"Portada","item":"https:\/\/cooperativagenytec.com\/"},{"@type":"ListItem","position":2,"name":"Catalogo de Servicios","item":"https:\/\/cooperativagenytec.com\/tienda-2\/catalogo-de-servicios\/"},{"@type":"ListItem","position":3,"name":"Comercial y ventas"}]},{"@type":"WebSite","@id":"https:\/\/cooperativagenytec.com\/#website","url":"https:\/\/cooperativagenytec.com\/","name":"Cooperativa Genytec","description":"Cooperativa Genytec","publisher":{"@id":"https:\/\/cooperativagenytec.com\/#organization"},"potentialAction":[{"@type":"SearchAction","target":{"@type":"EntryPoint","urlTemplate":"https:\/\/cooperativagenytec.com\/?s={search_term_string}"},"query-input":{"@type":"PropertyValueSpecification","valueRequired":true,"valueName":"search_term_string"}}],"inLanguage":"en-US"},{"@type":"Organization","@id":"https:\/\/cooperativagenytec.com\/#organization","name":"Cooperativa Genytec","url":"https:\/\/cooperativagenytec.com\/","logo":{"@type":"ImageObject","inLanguage":"en-US","@id":"https:\/\/cooperativagenytec.com\/#\/schema\/logo\/image\/","url":"https:\/\/cooperativagenytec.com\/wp-content\/uploads\/2020\/11\/cropped-0-logo.png","contentUrl":"https:\/\/cooperativagenytec.com\/wp-content\/uploads\/2020\/11\/cropped-0-logo.png","width":133,"height":100,"caption":"Cooperativa Genytec"},"image":{"@id":"https:\/\/cooperativagenytec.com\/#\/schema\/logo\/image\/"}}]}},"_links":{"self":[{"href":"https:\/\/cooperativagenytec.com\/en\/wp-json\/wp\/v2\/product\/1914"}],"collection":[{"href":"https:\/\/cooperativagenytec.com\/en\/wp-json\/wp\/v2\/product"}],"about":[{"href":"https:\/\/cooperativagenytec.com\/en\/wp-json\/wp\/v2\/types\/product"}],"replies":[{"embeddable":true,"href":"https:\/\/cooperativagenytec.com\/en\/wp-json\/wp\/v2\/comments?post=1914"}],"wp:featuredmedia":[{"embeddable":true,"href":"https:\/\/cooperativagenytec.com\/en\/wp-json\/wp\/v2\/media\/1227"}],"wp:attachment":[{"href":"https:\/\/cooperativagenytec.com\/en\/wp-json\/wp\/v2\/media?parent=1914"}],"wp:term":[{"taxonomy":"product_cat","embeddable":true,"href":"https:\/\/cooperativagenytec.com\/en\/wp-json\/wp\/v2\/product_cat?post=1914"},{"taxonomy":"product_tag","embeddable":true,"href":"https:\/\/cooperativagenytec.com\/en\/wp-json\/wp\/v2\/product_tag?post=1914"}],"curies":[{"name":"wp","href":"https:\/\/api.w.org\/{rel}","templated":true}]}}