{"id":1913,"date":"2022-06-09T21:27:03","date_gmt":"2022-06-09T21:27:03","guid":{"rendered":"https:\/\/cooperativagenytec.com\/?post_type=product&#038;p=1913"},"modified":"2024-06-10T00:56:21","modified_gmt":"2024-06-10T00:56:21","slug":"buenas-practicas-ganaderas","status":"publish","type":"product","link":"https:\/\/cooperativagenytec.com\/en\/product\/buenas-practicas-ganaderas\/","title":{"rendered":"Buenas practicas ganaderas"},"content":{"rendered":"","protected":false},"excerpt":{"rendered":"<p>GENYTEC le hace el acompa\u00f1amiento en el alistamiento y preauditoria para la certificaci\u00f3n en BPG realizada por el ICA ,esto permite que su sistema productivo cumpla con los est\u00e1ndares de calidad e inocuidad en la producci\u00f3n primaria ( carne -leche ) , adem\u00e1s permite minimizar los riesgos sanitarios, f\u00edsicos, biol\u00f3gicos y qu\u00edmicos que pueden afectar la salud de los productores y consumidores de los productos de origen animal, esto tambi\u00e9n permite aumentar los ingresos de su finca al recibir bonificaciones por su certificaci\u00f3n. Para m\u00e1s informaci\u00f3n cont\u00e1ctenos.<\/p>","protected":false},"featured_media":1044,"comment_status":"open","ping_status":"closed","template":"","meta":{"site-sidebar-layout":"default","site-content-layout":"default","ast-site-content-layout":"default","site-content-style":"default","site-sidebar-style":"default","ast-global-header-display":"","ast-banner-title-visibility":"","ast-main-header-display":"","ast-hfb-above-header-display":"","ast-hfb-below-header-display":"","ast-hfb-mobile-header-display":"","site-post-title":"","ast-breadcrumbs-content":"","ast-featured-img":"","footer-sml-layout":"","ast-disable-related-posts":"","theme-transparent-header-meta":"default","adv-header-id-meta":"","stick-header-meta":"","header-above-stick-meta":"","header-main-stick-meta":"","header-below-stick-meta":"","astra-migrate-meta-layouts":"default","ast-page-background-enabled":"default","ast-page-background-meta":{"desktop":{"background-color":"","background-image":"","background-repeat":"repeat","background-position":"center center","background-size":"auto","background-attachment":"scroll","background-type":"","background-media":"","overlay-type":"","overlay-color":"","overlay-opacity":"","overlay-gradient":""},"tablet":{"background-color":"","background-image":"","background-repeat":"repeat","background-position":"center center","background-size":"auto","background-attachment":"scroll","background-type":"","background-media":"","overlay-type":"","overlay-color":"","overlay-opacity":"","overlay-gradient":""},"mobile":{"background-color":"","background-image":"","background-repeat":"repeat","background-position":"center center","background-size":"auto","background-attachment":"scroll","background-type":"","background-media":"","overlay-type":"","overlay-color":"","overlay-opacity":"","overlay-gradient":""}},"ast-content-background-meta":{"desktop":{"background-color":"var(--ast-global-color-5)","background-image":"","background-repeat":"repeat","background-position":"center center","background-size":"auto","background-attachment":"scroll","background-type":"","background-media":"","overlay-type":"","overlay-color":"","overlay-opacity":"","overlay-gradient":""},"tablet":{"background-color":"var(--ast-global-color-5)","background-image":"","background-repeat":"repeat","background-position":"center center","background-size":"auto","background-attachment":"scroll","background-type":"","background-media":"","overlay-type":"","overlay-color":"","overlay-opacity":"","overlay-gradient":""},"mobile":{"background-color":"var(--ast-global-color-5)","background-image":"","background-repeat":"repeat","background-position":"center center","background-size":"auto","background-attachment":"scroll","background-type":"","background-media":"","overlay-type":"","overlay-color":"","overlay-opacity":"","overlay-gradient":""}},"_joinchat":[]},"product_cat":[22],"product_tag":[],"yoast_head":"<!-- This site is optimized with the Yoast SEO plugin v23.5 - https:\/\/yoast.com\/wordpress\/plugins\/seo\/ -->\n<title>Buenas practicas ganaderas - Cooperativa Genytec<\/title>\n<meta name=\"robots\" content=\"index, follow, max-snippet:-1, max-image-preview:large, max-video-preview:-1\" \/>\n<link rel=\"canonical\" href=\"https:\/\/cooperativagenytec.com\/en\/product\/buenas-practicas-ganaderas\/\" \/>\n<meta property=\"og:locale\" content=\"en_US\" \/>\n<meta property=\"og:type\" content=\"article\" \/>\n<meta property=\"og:title\" content=\"Buenas practicas ganaderas - Cooperativa Genytec\" \/>\n<meta property=\"og:description\" content=\"GENYTEC le hace el acompa\u00f1amiento en el alistamiento y preauditoria para la certificaci\u00f3n en BPG realizada por el ICA ,esto permite que su sistema productivo cumpla con los est\u00e1ndares de calidad e inocuidad en la producci\u00f3n primaria ( carne -leche ) , adem\u00e1s permite minimizar los riesgos sanitarios, f\u00edsicos, biol\u00f3gicos y qu\u00edmicos que pueden afectar la salud de los productores y consumidores de los productos de origen animal, esto tambi\u00e9n permite aumentar los ingresos de su finca al recibir bonificaciones por su certificaci\u00f3n. Para m\u00e1s informaci\u00f3n cont\u00e1ctenos.\" \/>\n<meta property=\"og:url\" content=\"https:\/\/cooperativagenytec.com\/en\/product\/buenas-practicas-ganaderas\/\" \/>\n<meta property=\"og:site_name\" content=\"Cooperativa Genytec\" \/>\n<meta property=\"article:modified_time\" content=\"2024-06-10T00:56:21+00:00\" \/>\n<meta property=\"og:image\" content=\"https:\/\/cooperativagenytec.com\/wp-content\/uploads\/2021\/08\/IMG-20210714-WA0010.jpg\" \/>\n\t<meta property=\"og:image:width\" content=\"960\" \/>\n\t<meta property=\"og:image:height\" content=\"1280\" \/>\n\t<meta property=\"og:image:type\" content=\"image\/jpeg\" \/>\n<meta name=\"twitter:card\" content=\"summary_large_image\" \/>\n<script type=\"application\/ld+json\" class=\"yoast-schema-graph\">{\"@context\":\"https:\/\/schema.org\",\"@graph\":[{\"@type\":\"WebPage\",\"@id\":\"https:\/\/cooperativagenytec.com\/producto\/buenas-practicas-ganaderas\/\",\"url\":\"https:\/\/cooperativagenytec.com\/producto\/buenas-practicas-ganaderas\/\",\"name\":\"Buenas practicas ganaderas - Cooperativa Genytec\",\"isPartOf\":{\"@id\":\"https:\/\/cooperativagenytec.com\/#website\"},\"primaryImageOfPage\":{\"@id\":\"https:\/\/cooperativagenytec.com\/producto\/buenas-practicas-ganaderas\/#primaryimage\"},\"image\":{\"@id\":\"https:\/\/cooperativagenytec.com\/producto\/buenas-practicas-ganaderas\/#primaryimage\"},\"thumbnailUrl\":\"https:\/\/cooperativagenytec.com\/wp-content\/uploads\/2021\/08\/IMG-20210714-WA0010.jpg\",\"datePublished\":\"2022-06-09T21:27:03+00:00\",\"dateModified\":\"2024-06-10T00:56:21+00:00\",\"breadcrumb\":{\"@id\":\"https:\/\/cooperativagenytec.com\/producto\/buenas-practicas-ganaderas\/#breadcrumb\"},\"inLanguage\":\"en-US\",\"potentialAction\":[{\"@type\":\"ReadAction\",\"target\":[\"https:\/\/cooperativagenytec.com\/producto\/buenas-practicas-ganaderas\/\"]}]},{\"@type\":\"ImageObject\",\"inLanguage\":\"en-US\",\"@id\":\"https:\/\/cooperativagenytec.com\/producto\/buenas-practicas-ganaderas\/#primaryimage\",\"url\":\"https:\/\/cooperativagenytec.com\/wp-content\/uploads\/2021\/08\/IMG-20210714-WA0010.jpg\",\"contentUrl\":\"https:\/\/cooperativagenytec.com\/wp-content\/uploads\/2021\/08\/IMG-20210714-WA0010.jpg\",\"width\":960,\"height\":1280},{\"@type\":\"BreadcrumbList\",\"@id\":\"https:\/\/cooperativagenytec.com\/producto\/buenas-practicas-ganaderas\/#breadcrumb\",\"itemListElement\":[{\"@type\":\"ListItem\",\"position\":1,\"name\":\"Portada\",\"item\":\"https:\/\/cooperativagenytec.com\/\"},{\"@type\":\"ListItem\",\"position\":2,\"name\":\"Catalogo de Servicios\",\"item\":\"https:\/\/cooperativagenytec.com\/tienda-2\/catalogo-de-servicios\/\"},{\"@type\":\"ListItem\",\"position\":3,\"name\":\"Buenas practicas ganaderas\"}]},{\"@type\":\"WebSite\",\"@id\":\"https:\/\/cooperativagenytec.com\/#website\",\"url\":\"https:\/\/cooperativagenytec.com\/\",\"name\":\"Cooperativa Genytec\",\"description\":\"Cooperativa Genytec\",\"publisher\":{\"@id\":\"https:\/\/cooperativagenytec.com\/#organization\"},\"potentialAction\":[{\"@type\":\"SearchAction\",\"target\":{\"@type\":\"EntryPoint\",\"urlTemplate\":\"https:\/\/cooperativagenytec.com\/?s={search_term_string}\"},\"query-input\":{\"@type\":\"PropertyValueSpecification\",\"valueRequired\":true,\"valueName\":\"search_term_string\"}}],\"inLanguage\":\"en-US\"},{\"@type\":\"Organization\",\"@id\":\"https:\/\/cooperativagenytec.com\/#organization\",\"name\":\"Cooperativa Genytec\",\"url\":\"https:\/\/cooperativagenytec.com\/\",\"logo\":{\"@type\":\"ImageObject\",\"inLanguage\":\"en-US\",\"@id\":\"https:\/\/cooperativagenytec.com\/#\/schema\/logo\/image\/\",\"url\":\"https:\/\/cooperativagenytec.com\/wp-content\/uploads\/2020\/11\/cropped-0-logo.png\",\"contentUrl\":\"https:\/\/cooperativagenytec.com\/wp-content\/uploads\/2020\/11\/cropped-0-logo.png\",\"width\":133,\"height\":100,\"caption\":\"Cooperativa Genytec\"},\"image\":{\"@id\":\"https:\/\/cooperativagenytec.com\/#\/schema\/logo\/image\/\"}}]}<\/script>\n<!-- \/ Yoast SEO plugin. -->","yoast_head_json":{"title":"Buenas practicas ganaderas - Cooperativa Genytec","robots":{"index":"index","follow":"follow","max-snippet":"max-snippet:-1","max-image-preview":"max-image-preview:large","max-video-preview":"max-video-preview:-1"},"canonical":"https:\/\/cooperativagenytec.com\/en\/product\/buenas-practicas-ganaderas\/","og_locale":"en_US","og_type":"article","og_title":"Buenas practicas ganaderas - Cooperativa Genytec","og_description":"GENYTEC le hace el acompa\u00f1amiento en el alistamiento y preauditoria para la certificaci\u00f3n en BPG realizada por el ICA ,esto permite que su sistema productivo cumpla con los est\u00e1ndares de calidad e inocuidad en la producci\u00f3n primaria ( carne -leche ) , adem\u00e1s permite minimizar los riesgos sanitarios, f\u00edsicos, biol\u00f3gicos y qu\u00edmicos que pueden afectar la salud de los productores y consumidores de los productos de origen animal, esto tambi\u00e9n permite aumentar los ingresos de su finca al recibir bonificaciones por su certificaci\u00f3n. Para m\u00e1s informaci\u00f3n cont\u00e1ctenos.","og_url":"https:\/\/cooperativagenytec.com\/en\/product\/buenas-practicas-ganaderas\/","og_site_name":"Cooperativa Genytec","article_modified_time":"2024-06-10T00:56:21+00:00","og_image":[{"width":960,"height":1280,"url":"https:\/\/cooperativagenytec.com\/wp-content\/uploads\/2021\/08\/IMG-20210714-WA0010.jpg","type":"image\/jpeg"}],"twitter_card":"summary_large_image","schema":{"@context":"https:\/\/schema.org","@graph":[{"@type":"WebPage","@id":"https:\/\/cooperativagenytec.com\/producto\/buenas-practicas-ganaderas\/","url":"https:\/\/cooperativagenytec.com\/producto\/buenas-practicas-ganaderas\/","name":"Buenas practicas ganaderas - Cooperativa Genytec","isPartOf":{"@id":"https:\/\/cooperativagenytec.com\/#website"},"primaryImageOfPage":{"@id":"https:\/\/cooperativagenytec.com\/producto\/buenas-practicas-ganaderas\/#primaryimage"},"image":{"@id":"https:\/\/cooperativagenytec.com\/producto\/buenas-practicas-ganaderas\/#primaryimage"},"thumbnailUrl":"https:\/\/cooperativagenytec.com\/wp-content\/uploads\/2021\/08\/IMG-20210714-WA0010.jpg","datePublished":"2022-06-09T21:27:03+00:00","dateModified":"2024-06-10T00:56:21+00:00","breadcrumb":{"@id":"https:\/\/cooperativagenytec.com\/producto\/buenas-practicas-ganaderas\/#breadcrumb"},"inLanguage":"en-US","potentialAction":[{"@type":"ReadAction","target":["https:\/\/cooperativagenytec.com\/producto\/buenas-practicas-ganaderas\/"]}]},{"@type":"ImageObject","inLanguage":"en-US","@id":"https:\/\/cooperativagenytec.com\/producto\/buenas-practicas-ganaderas\/#primaryimage","url":"https:\/\/cooperativagenytec.com\/wp-content\/uploads\/2021\/08\/IMG-20210714-WA0010.jpg","contentUrl":"https:\/\/cooperativagenytec.com\/wp-content\/uploads\/2021\/08\/IMG-20210714-WA0010.jpg","width":960,"height":1280},{"@type":"BreadcrumbList","@id":"https:\/\/cooperativagenytec.com\/producto\/buenas-practicas-ganaderas\/#breadcrumb","itemListElement":[{"@type":"ListItem","position":1,"name":"Portada","item":"https:\/\/cooperativagenytec.com\/"},{"@type":"ListItem","position":2,"name":"Catalogo de Servicios","item":"https:\/\/cooperativagenytec.com\/tienda-2\/catalogo-de-servicios\/"},{"@type":"ListItem","position":3,"name":"Buenas practicas ganaderas"}]},{"@type":"WebSite","@id":"https:\/\/cooperativagenytec.com\/#website","url":"https:\/\/cooperativagenytec.com\/","name":"Cooperativa Genytec","description":"Cooperativa Genytec","publisher":{"@id":"https:\/\/cooperativagenytec.com\/#organization"},"potentialAction":[{"@type":"SearchAction","target":{"@type":"EntryPoint","urlTemplate":"https:\/\/cooperativagenytec.com\/?s={search_term_string}"},"query-input":{"@type":"PropertyValueSpecification","valueRequired":true,"valueName":"search_term_string"}}],"inLanguage":"en-US"},{"@type":"Organization","@id":"https:\/\/cooperativagenytec.com\/#organization","name":"Cooperativa Genytec","url":"https:\/\/cooperativagenytec.com\/","logo":{"@type":"ImageObject","inLanguage":"en-US","@id":"https:\/\/cooperativagenytec.com\/#\/schema\/logo\/image\/","url":"https:\/\/cooperativagenytec.com\/wp-content\/uploads\/2020\/11\/cropped-0-logo.png","contentUrl":"https:\/\/cooperativagenytec.com\/wp-content\/uploads\/2020\/11\/cropped-0-logo.png","width":133,"height":100,"caption":"Cooperativa Genytec"},"image":{"@id":"https:\/\/cooperativagenytec.com\/#\/schema\/logo\/image\/"}}]}},"_links":{"self":[{"href":"https:\/\/cooperativagenytec.com\/en\/wp-json\/wp\/v2\/product\/1913"}],"collection":[{"href":"https:\/\/cooperativagenytec.com\/en\/wp-json\/wp\/v2\/product"}],"about":[{"href":"https:\/\/cooperativagenytec.com\/en\/wp-json\/wp\/v2\/types\/product"}],"replies":[{"embeddable":true,"href":"https:\/\/cooperativagenytec.com\/en\/wp-json\/wp\/v2\/comments?post=1913"}],"wp:featuredmedia":[{"embeddable":true,"href":"https:\/\/cooperativagenytec.com\/en\/wp-json\/wp\/v2\/media\/1044"}],"wp:attachment":[{"href":"https:\/\/cooperativagenytec.com\/en\/wp-json\/wp\/v2\/media?parent=1913"}],"wp:term":[{"taxonomy":"product_cat","embeddable":true,"href":"https:\/\/cooperativagenytec.com\/en\/wp-json\/wp\/v2\/product_cat?post=1913"},{"taxonomy":"product_tag","embeddable":true,"href":"https:\/\/cooperativagenytec.com\/en\/wp-json\/wp\/v2\/product_tag?post=1913"}],"curies":[{"name":"wp","href":"https:\/\/api.w.org\/{rel}","templated":true}]}}