{"id":1905,"date":"2022-06-09T21:05:28","date_gmt":"2022-06-09T21:05:28","guid":{"rendered":"https:\/\/cooperativagenytec.com\/?post_type=product&#038;p=1905"},"modified":"2025-04-13T18:02:35","modified_gmt":"2025-04-13T18:02:35","slug":"hatos-libres","status":"publish","type":"product","link":"https:\/\/cooperativagenytec.com\/en\/product\/hatos-libres\/","title":{"rendered":"Hatos libres"},"content":{"rendered":"","protected":false},"excerpt":{"rendered":"<p>GENYTEC como Organismo de Inspecci\u00f3n Autorizado por el ICA ejecuta actividades en los programas nacionales de prevenci\u00f3n y control\u00a0 de la\u00a0 Brucelosis Y Tuberculosis\u00a0 Bovina , al ser estas enfermedades\u00a0 zoon\u00f3ticas ( que se trasmiten al humano )\u00a0 y siendo las especies\u00a0 bovinas y bufalinas las m\u00e1s susceptibles causan adem\u00e1s grandes p\u00e9rdidas econ\u00f3micas en la producci\u00f3n lechera y c\u00e1rnica\u00a0 , es por esto que es importante conocer el estado sanitario mediante pruebas diagn\u00f3sticas que permitan confirmar o no la presencia de estas enfermedades, siendo esto\u00a0 indispensable para la sanidad general de los hatos ganaderos.<\/p>\n<p>Para m\u00e1s informaci\u00f3n cont\u00e1ctenos.<\/p>","protected":false},"featured_media":1682,"comment_status":"open","ping_status":"closed","template":"","meta":{"site-sidebar-layout":"default","site-content-layout":"default","ast-site-content-layout":"default","site-content-style":"default","site-sidebar-style":"default","ast-global-header-display":"","ast-banner-title-visibility":"","ast-main-header-display":"","ast-hfb-above-header-display":"","ast-hfb-below-header-display":"","ast-hfb-mobile-header-display":"","site-post-title":"","ast-breadcrumbs-content":"","ast-featured-img":"","footer-sml-layout":"","ast-disable-related-posts":"","theme-transparent-header-meta":"default","adv-header-id-meta":"","stick-header-meta":"","header-above-stick-meta":"","header-main-stick-meta":"","header-below-stick-meta":"","astra-migrate-meta-layouts":"default","ast-page-background-enabled":"default","ast-page-background-meta":{"desktop":{"background-color":"","background-image":"","background-repeat":"repeat","background-position":"center center","background-size":"auto","background-attachment":"scroll","background-type":"","background-media":"","overlay-type":"","overlay-color":"","overlay-opacity":"","overlay-gradient":""},"tablet":{"background-color":"","background-image":"","background-repeat":"repeat","background-position":"center center","background-size":"auto","background-attachment":"scroll","background-type":"","background-media":"","overlay-type":"","overlay-color":"","overlay-opacity":"","overlay-gradient":""},"mobile":{"background-color":"","background-image":"","background-repeat":"repeat","background-position":"center center","background-size":"auto","background-attachment":"scroll","background-type":"","background-media":"","overlay-type":"","overlay-color":"","overlay-opacity":"","overlay-gradient":""}},"ast-content-background-meta":{"desktop":{"background-color":"var(--ast-global-color-5)","background-image":"","background-repeat":"repeat","background-position":"center center","background-size":"auto","background-attachment":"scroll","background-type":"","background-media":"","overlay-type":"","overlay-color":"","overlay-opacity":"","overlay-gradient":""},"tablet":{"background-color":"var(--ast-global-color-5)","background-image":"","background-repeat":"repeat","background-position":"center center","background-size":"auto","background-attachment":"scroll","background-type":"","background-media":"","overlay-type":"","overlay-color":"","overlay-opacity":"","overlay-gradient":""},"mobile":{"background-color":"var(--ast-global-color-5)","background-image":"","background-repeat":"repeat","background-position":"center center","background-size":"auto","background-attachment":"scroll","background-type":"","background-media":"","overlay-type":"","overlay-color":"","overlay-opacity":"","overlay-gradient":""}},"_joinchat":[]},"product_cat":[22],"product_tag":[],"yoast_head":"<!-- This site is optimized with the Yoast SEO plugin v23.5 - https:\/\/yoast.com\/wordpress\/plugins\/seo\/ -->\n<title>Hatos libres - Cooperativa Genytec<\/title>\n<meta name=\"robots\" content=\"index, follow, max-snippet:-1, max-image-preview:large, max-video-preview:-1\" \/>\n<link rel=\"canonical\" href=\"https:\/\/cooperativagenytec.com\/en\/product\/hatos-libres\/\" \/>\n<meta property=\"og:locale\" content=\"en_US\" \/>\n<meta property=\"og:type\" content=\"article\" \/>\n<meta property=\"og:title\" content=\"Hatos libres - Cooperativa Genytec\" \/>\n<meta property=\"og:description\" content=\"GENYTEC como Organismo de Inspecci\u00f3n Autorizado por el ICA ejecuta actividades en los programas nacionales de prevenci\u00f3n y control\u00a0 de la\u00a0 Brucelosis Y Tuberculosis\u00a0 Bovina , al ser estas enfermedades\u00a0 zoon\u00f3ticas ( que se trasmiten al humano )\u00a0 y siendo las especies\u00a0 bovinas y bufalinas las m\u00e1s susceptibles causan adem\u00e1s grandes p\u00e9rdidas econ\u00f3micas en la producci\u00f3n lechera y c\u00e1rnica\u00a0 , es por esto que es importante conocer el estado sanitario mediante pruebas diagn\u00f3sticas que permitan confirmar o no la presencia de estas enfermedades, siendo esto\u00a0 indispensable para la sanidad general de los hatos ganaderos.  Para m\u00e1s informaci\u00f3n cont\u00e1ctenos.\" \/>\n<meta property=\"og:url\" content=\"https:\/\/cooperativagenytec.com\/en\/product\/hatos-libres\/\" \/>\n<meta property=\"og:site_name\" content=\"Cooperativa Genytec\" \/>\n<meta property=\"article:modified_time\" content=\"2025-04-13T18:02:35+00:00\" \/>\n<meta property=\"og:image\" content=\"https:\/\/cooperativagenytec.com\/wp-content\/uploads\/2022\/06\/Copia-de-WhatsApp-Image-2020-10-28-at-12.47.21-PM-5.jpeg\" \/>\n\t<meta property=\"og:image:width\" content=\"960\" \/>\n\t<meta property=\"og:image:height\" content=\"1280\" \/>\n\t<meta property=\"og:image:type\" content=\"image\/jpeg\" \/>\n<meta name=\"twitter:card\" content=\"summary_large_image\" \/>\n<script type=\"application\/ld+json\" class=\"yoast-schema-graph\">{\"@context\":\"https:\/\/schema.org\",\"@graph\":[{\"@type\":\"WebPage\",\"@id\":\"https:\/\/cooperativagenytec.com\/producto\/hatos-libres\/\",\"url\":\"https:\/\/cooperativagenytec.com\/producto\/hatos-libres\/\",\"name\":\"Hatos libres - Cooperativa Genytec\",\"isPartOf\":{\"@id\":\"https:\/\/cooperativagenytec.com\/#website\"},\"primaryImageOfPage\":{\"@id\":\"https:\/\/cooperativagenytec.com\/producto\/hatos-libres\/#primaryimage\"},\"image\":{\"@id\":\"https:\/\/cooperativagenytec.com\/producto\/hatos-libres\/#primaryimage\"},\"thumbnailUrl\":\"https:\/\/cooperativagenytec.com\/wp-content\/uploads\/2022\/06\/Copia-de-WhatsApp-Image-2020-10-28-at-12.47.21-PM-5.jpeg\",\"datePublished\":\"2022-06-09T21:05:28+00:00\",\"dateModified\":\"2025-04-13T18:02:35+00:00\",\"breadcrumb\":{\"@id\":\"https:\/\/cooperativagenytec.com\/producto\/hatos-libres\/#breadcrumb\"},\"inLanguage\":\"en-US\",\"potentialAction\":[{\"@type\":\"ReadAction\",\"target\":[\"https:\/\/cooperativagenytec.com\/producto\/hatos-libres\/\"]}]},{\"@type\":\"ImageObject\",\"inLanguage\":\"en-US\",\"@id\":\"https:\/\/cooperativagenytec.com\/producto\/hatos-libres\/#primaryimage\",\"url\":\"https:\/\/cooperativagenytec.com\/wp-content\/uploads\/2022\/06\/Copia-de-WhatsApp-Image-2020-10-28-at-12.47.21-PM-5.jpeg\",\"contentUrl\":\"https:\/\/cooperativagenytec.com\/wp-content\/uploads\/2022\/06\/Copia-de-WhatsApp-Image-2020-10-28-at-12.47.21-PM-5.jpeg\",\"width\":960,\"height\":1280},{\"@type\":\"BreadcrumbList\",\"@id\":\"https:\/\/cooperativagenytec.com\/producto\/hatos-libres\/#breadcrumb\",\"itemListElement\":[{\"@type\":\"ListItem\",\"position\":1,\"name\":\"Portada\",\"item\":\"https:\/\/cooperativagenytec.com\/\"},{\"@type\":\"ListItem\",\"position\":2,\"name\":\"Catalogo de Servicios\",\"item\":\"https:\/\/cooperativagenytec.com\/tienda-2\/catalogo-de-servicios\/\"},{\"@type\":\"ListItem\",\"position\":3,\"name\":\"Hatos libres\"}]},{\"@type\":\"WebSite\",\"@id\":\"https:\/\/cooperativagenytec.com\/#website\",\"url\":\"https:\/\/cooperativagenytec.com\/\",\"name\":\"Cooperativa Genytec\",\"description\":\"Cooperativa Genytec\",\"publisher\":{\"@id\":\"https:\/\/cooperativagenytec.com\/#organization\"},\"potentialAction\":[{\"@type\":\"SearchAction\",\"target\":{\"@type\":\"EntryPoint\",\"urlTemplate\":\"https:\/\/cooperativagenytec.com\/?s={search_term_string}\"},\"query-input\":{\"@type\":\"PropertyValueSpecification\",\"valueRequired\":true,\"valueName\":\"search_term_string\"}}],\"inLanguage\":\"en-US\"},{\"@type\":\"Organization\",\"@id\":\"https:\/\/cooperativagenytec.com\/#organization\",\"name\":\"Cooperativa Genytec\",\"url\":\"https:\/\/cooperativagenytec.com\/\",\"logo\":{\"@type\":\"ImageObject\",\"inLanguage\":\"en-US\",\"@id\":\"https:\/\/cooperativagenytec.com\/#\/schema\/logo\/image\/\",\"url\":\"https:\/\/cooperativagenytec.com\/wp-content\/uploads\/2020\/11\/cropped-0-logo.png\",\"contentUrl\":\"https:\/\/cooperativagenytec.com\/wp-content\/uploads\/2020\/11\/cropped-0-logo.png\",\"width\":133,\"height\":100,\"caption\":\"Cooperativa Genytec\"},\"image\":{\"@id\":\"https:\/\/cooperativagenytec.com\/#\/schema\/logo\/image\/\"}}]}<\/script>\n<!-- \/ Yoast SEO plugin. -->","yoast_head_json":{"title":"Hatos libres - Cooperativa Genytec","robots":{"index":"index","follow":"follow","max-snippet":"max-snippet:-1","max-image-preview":"max-image-preview:large","max-video-preview":"max-video-preview:-1"},"canonical":"https:\/\/cooperativagenytec.com\/en\/product\/hatos-libres\/","og_locale":"en_US","og_type":"article","og_title":"Hatos libres - Cooperativa Genytec","og_description":"GENYTEC como Organismo de Inspecci\u00f3n Autorizado por el ICA ejecuta actividades en los programas nacionales de prevenci\u00f3n y control\u00a0 de la\u00a0 Brucelosis Y Tuberculosis\u00a0 Bovina , al ser estas enfermedades\u00a0 zoon\u00f3ticas ( que se trasmiten al humano )\u00a0 y siendo las especies\u00a0 bovinas y bufalinas las m\u00e1s susceptibles causan adem\u00e1s grandes p\u00e9rdidas econ\u00f3micas en la producci\u00f3n lechera y c\u00e1rnica\u00a0 , es por esto que es importante conocer el estado sanitario mediante pruebas diagn\u00f3sticas que permitan confirmar o no la presencia de estas enfermedades, siendo esto\u00a0 indispensable para la sanidad general de los hatos ganaderos.  Para m\u00e1s informaci\u00f3n cont\u00e1ctenos.","og_url":"https:\/\/cooperativagenytec.com\/en\/product\/hatos-libres\/","og_site_name":"Cooperativa Genytec","article_modified_time":"2025-04-13T18:02:35+00:00","og_image":[{"width":960,"height":1280,"url":"https:\/\/cooperativagenytec.com\/wp-content\/uploads\/2022\/06\/Copia-de-WhatsApp-Image-2020-10-28-at-12.47.21-PM-5.jpeg","type":"image\/jpeg"}],"twitter_card":"summary_large_image","schema":{"@context":"https:\/\/schema.org","@graph":[{"@type":"WebPage","@id":"https:\/\/cooperativagenytec.com\/producto\/hatos-libres\/","url":"https:\/\/cooperativagenytec.com\/producto\/hatos-libres\/","name":"Hatos libres - Cooperativa Genytec","isPartOf":{"@id":"https:\/\/cooperativagenytec.com\/#website"},"primaryImageOfPage":{"@id":"https:\/\/cooperativagenytec.com\/producto\/hatos-libres\/#primaryimage"},"image":{"@id":"https:\/\/cooperativagenytec.com\/producto\/hatos-libres\/#primaryimage"},"thumbnailUrl":"https:\/\/cooperativagenytec.com\/wp-content\/uploads\/2022\/06\/Copia-de-WhatsApp-Image-2020-10-28-at-12.47.21-PM-5.jpeg","datePublished":"2022-06-09T21:05:28+00:00","dateModified":"2025-04-13T18:02:35+00:00","breadcrumb":{"@id":"https:\/\/cooperativagenytec.com\/producto\/hatos-libres\/#breadcrumb"},"inLanguage":"en-US","potentialAction":[{"@type":"ReadAction","target":["https:\/\/cooperativagenytec.com\/producto\/hatos-libres\/"]}]},{"@type":"ImageObject","inLanguage":"en-US","@id":"https:\/\/cooperativagenytec.com\/producto\/hatos-libres\/#primaryimage","url":"https:\/\/cooperativagenytec.com\/wp-content\/uploads\/2022\/06\/Copia-de-WhatsApp-Image-2020-10-28-at-12.47.21-PM-5.jpeg","contentUrl":"https:\/\/cooperativagenytec.com\/wp-content\/uploads\/2022\/06\/Copia-de-WhatsApp-Image-2020-10-28-at-12.47.21-PM-5.jpeg","width":960,"height":1280},{"@type":"BreadcrumbList","@id":"https:\/\/cooperativagenytec.com\/producto\/hatos-libres\/#breadcrumb","itemListElement":[{"@type":"ListItem","position":1,"name":"Portada","item":"https:\/\/cooperativagenytec.com\/"},{"@type":"ListItem","position":2,"name":"Catalogo de Servicios","item":"https:\/\/cooperativagenytec.com\/tienda-2\/catalogo-de-servicios\/"},{"@type":"ListItem","position":3,"name":"Hatos libres"}]},{"@type":"WebSite","@id":"https:\/\/cooperativagenytec.com\/#website","url":"https:\/\/cooperativagenytec.com\/","name":"Cooperativa Genytec","description":"Cooperativa Genytec","publisher":{"@id":"https:\/\/cooperativagenytec.com\/#organization"},"potentialAction":[{"@type":"SearchAction","target":{"@type":"EntryPoint","urlTemplate":"https:\/\/cooperativagenytec.com\/?s={search_term_string}"},"query-input":{"@type":"PropertyValueSpecification","valueRequired":true,"valueName":"search_term_string"}}],"inLanguage":"en-US"},{"@type":"Organization","@id":"https:\/\/cooperativagenytec.com\/#organization","name":"Cooperativa Genytec","url":"https:\/\/cooperativagenytec.com\/","logo":{"@type":"ImageObject","inLanguage":"en-US","@id":"https:\/\/cooperativagenytec.com\/#\/schema\/logo\/image\/","url":"https:\/\/cooperativagenytec.com\/wp-content\/uploads\/2020\/11\/cropped-0-logo.png","contentUrl":"https:\/\/cooperativagenytec.com\/wp-content\/uploads\/2020\/11\/cropped-0-logo.png","width":133,"height":100,"caption":"Cooperativa Genytec"},"image":{"@id":"https:\/\/cooperativagenytec.com\/#\/schema\/logo\/image\/"}}]}},"_links":{"self":[{"href":"https:\/\/cooperativagenytec.com\/en\/wp-json\/wp\/v2\/product\/1905"}],"collection":[{"href":"https:\/\/cooperativagenytec.com\/en\/wp-json\/wp\/v2\/product"}],"about":[{"href":"https:\/\/cooperativagenytec.com\/en\/wp-json\/wp\/v2\/types\/product"}],"replies":[{"embeddable":true,"href":"https:\/\/cooperativagenytec.com\/en\/wp-json\/wp\/v2\/comments?post=1905"}],"wp:featuredmedia":[{"embeddable":true,"href":"https:\/\/cooperativagenytec.com\/en\/wp-json\/wp\/v2\/media\/1682"}],"wp:attachment":[{"href":"https:\/\/cooperativagenytec.com\/en\/wp-json\/wp\/v2\/media?parent=1905"}],"wp:term":[{"taxonomy":"product_cat","embeddable":true,"href":"https:\/\/cooperativagenytec.com\/en\/wp-json\/wp\/v2\/product_cat?post=1905"},{"taxonomy":"product_tag","embeddable":true,"href":"https:\/\/cooperativagenytec.com\/en\/wp-json\/wp\/v2\/product_tag?post=1905"}],"curies":[{"name":"wp","href":"https:\/\/api.w.org\/{rel}","templated":true}]}}