{"id":1903,"date":"2022-06-09T20:30:57","date_gmt":"2022-06-09T20:30:57","guid":{"rendered":"https:\/\/cooperativagenytec.com\/?post_type=product&#038;p=1903"},"modified":"2022-06-09T21:03:16","modified_gmt":"2022-06-09T21:03:16","slug":"implementacion-del-sistema-de-gestion-de-seguridad-y-salud-en-el-trabajo-ss-sst","status":"publish","type":"product","link":"https:\/\/cooperativagenytec.com\/en\/product\/implementacion-del-sistema-de-gestion-de-seguridad-y-salud-en-el-trabajo-ss-sst\/","title":{"rendered":"Implementaci\u00f3n del sistema de gesti\u00f3n de seguridad y salud en el trabajo (SS-SST)"},"content":{"rendered":"","protected":false},"excerpt":{"rendered":"<p>Prestamos el servicio de capacitaci\u00f3n y asesor\u00eda en la implementaci\u00f3n del sistema de seguridad y salud en el trabajo (SG-SST) de acuerdo a la resoluci\u00f3n 0312 de 2019 est\u00e1ndares m\u00ednimos del sistema de gesti\u00f3n de seguridad y salud en el trabajo.<\/p>\n<p>Los est\u00e1ndares m\u00ednimos en las unidades de producci\u00f3n\u00a0agropecuaria con diez (10) o menos trabajadores de forma permanente, clasificadas\u00a0con riesgo I, II \u00f3 III y sin consideraci\u00f3n del r\u00e9gimen de tenencia ni condici\u00f3n jur\u00eddica\u00a0son los siguientes:<\/p>\n<ul>\n<li>Identificar los peligros en el marco de los procesos productivos de la unidad de producci\u00f3n agropecuaria, evaluar y valorar los riesgos y establecer los respectivos\u00a0controles.<\/li>\n<li>Desarrollar actividades enfocadas a prevenir la presencia de accidentes de trabajo o enfermedades laborales.<\/li>\n<li>Proteger la seguridad y salud de todas las personas que desarrollan actividades<br \/>\nproductivas en la unidad de producci\u00f3n agropecuaria.<\/li>\n<li>Las empresas, empleadores y contratantes con diez (10) o menos trabajadores clasificadas con riesgo I, II \u00f3 III deben cumplir con los siguientes Est\u00e1ndares M\u00ednimos, con el fin de proteger la seguridad y salud de los trabajadores<\/li>\n<\/ul>","protected":false},"featured_media":1223,"comment_status":"open","ping_status":"closed","template":"","meta":{"site-sidebar-layout":"default","site-content-layout":"default","ast-site-content-layout":"default","site-content-style":"default","site-sidebar-style":"default","ast-global-header-display":"","ast-banner-title-visibility":"","ast-main-header-display":"","ast-hfb-above-header-display":"","ast-hfb-below-header-display":"","ast-hfb-mobile-header-display":"","site-post-title":"","ast-breadcrumbs-content":"","ast-featured-img":"","footer-sml-layout":"","ast-disable-related-posts":"","theme-transparent-header-meta":"default","adv-header-id-meta":"","stick-header-meta":"","header-above-stick-meta":"","header-main-stick-meta":"","header-below-stick-meta":"","astra-migrate-meta-layouts":"default","ast-page-background-enabled":"default","ast-page-background-meta":{"desktop":{"background-color":"","background-image":"","background-repeat":"repeat","background-position":"center center","background-size":"auto","background-attachment":"scroll","background-type":"","background-media":"","overlay-type":"","overlay-color":"","overlay-opacity":"","overlay-gradient":""},"tablet":{"background-color":"","background-image":"","background-repeat":"repeat","background-position":"center center","background-size":"auto","background-attachment":"scroll","background-type":"","background-media":"","overlay-type":"","overlay-color":"","overlay-opacity":"","overlay-gradient":""},"mobile":{"background-color":"","background-image":"","background-repeat":"repeat","background-position":"center center","background-size":"auto","background-attachment":"scroll","background-type":"","background-media":"","overlay-type":"","overlay-color":"","overlay-opacity":"","overlay-gradient":""}},"ast-content-background-meta":{"desktop":{"background-color":"var(--ast-global-color-5)","background-image":"","background-repeat":"repeat","background-position":"center center","background-size":"auto","background-attachment":"scroll","background-type":"","background-media":"","overlay-type":"","overlay-color":"","overlay-opacity":"","overlay-gradient":""},"tablet":{"background-color":"var(--ast-global-color-5)","background-image":"","background-repeat":"repeat","background-position":"center center","background-size":"auto","background-attachment":"scroll","background-type":"","background-media":"","overlay-type":"","overlay-color":"","overlay-opacity":"","overlay-gradient":""},"mobile":{"background-color":"var(--ast-global-color-5)","background-image":"","background-repeat":"repeat","background-position":"center center","background-size":"auto","background-attachment":"scroll","background-type":"","background-media":"","overlay-type":"","overlay-color":"","overlay-opacity":"","overlay-gradient":""}},"_joinchat":[]},"product_cat":[20],"product_tag":[],"yoast_head":"<!-- This site is optimized with the Yoast SEO plugin v23.5 - https:\/\/yoast.com\/wordpress\/plugins\/seo\/ -->\n<title>Implementaci\u00f3n del sistema de gesti\u00f3n de seguridad y salud en el trabajo (SS-SST) - Cooperativa Genytec<\/title>\n<meta name=\"robots\" content=\"index, follow, max-snippet:-1, max-image-preview:large, max-video-preview:-1\" \/>\n<link rel=\"canonical\" href=\"https:\/\/cooperativagenytec.com\/en\/product\/implementacion-del-sistema-de-gestion-de-seguridad-y-salud-en-el-trabajo-ss-sst\/\" \/>\n<meta property=\"og:locale\" content=\"en_US\" \/>\n<meta property=\"og:type\" content=\"article\" \/>\n<meta property=\"og:title\" content=\"Implementaci\u00f3n del sistema de gesti\u00f3n de seguridad y salud en el trabajo (SS-SST) - Cooperativa Genytec\" \/>\n<meta property=\"og:description\" content=\"Prestamos el servicio de capacitaci\u00f3n y asesor\u00eda en la implementaci\u00f3n del sistema de seguridad y salud en el trabajo (SG-SST) de acuerdo a la resoluci\u00f3n 0312 de 2019 est\u00e1ndares m\u00ednimos del sistema de gesti\u00f3n de seguridad y salud en el trabajo.  Los est\u00e1ndares m\u00ednimos en las unidades de producci\u00f3n\u00a0agropecuaria con diez (10) o menos trabajadores de forma permanente, clasificadas\u00a0con riesgo I, II \u00f3 III y sin consideraci\u00f3n del r\u00e9gimen de tenencia ni condici\u00f3n jur\u00eddica\u00a0son los siguientes:   Identificar los peligros en el marco de los procesos productivos de la unidad de producci\u00f3n agropecuaria, evaluar y valorar los riesgos y establecer los respectivos\u00a0controles.  Desarrollar actividades enfocadas a prevenir la presencia de accidentes de trabajo o enfermedades laborales.  Proteger la seguridad y salud de todas las personas que desarrollan actividades productivas en la unidad de producci\u00f3n agropecuaria.  Las empresas, empleadores y contratantes con diez (10) o menos trabajadores clasificadas con riesgo I, II \u00f3 III deben cumplir con los siguientes Est\u00e1ndares M\u00ednimos, con el fin de proteger la seguridad y salud de los trabajadores\" \/>\n<meta property=\"og:url\" content=\"https:\/\/cooperativagenytec.com\/en\/product\/implementacion-del-sistema-de-gestion-de-seguridad-y-salud-en-el-trabajo-ss-sst\/\" \/>\n<meta property=\"og:site_name\" content=\"Cooperativa Genytec\" \/>\n<meta property=\"article:modified_time\" content=\"2022-06-09T21:03:16+00:00\" \/>\n<meta property=\"og:image\" content=\"https:\/\/cooperativagenytec.com\/wp-content\/uploads\/2021\/08\/IMG_20210825_151820925-scaled.jpg\" \/>\n\t<meta property=\"og:image:width\" content=\"1920\" \/>\n\t<meta property=\"og:image:height\" content=\"2560\" \/>\n\t<meta property=\"og:image:type\" content=\"image\/jpeg\" \/>\n<meta name=\"twitter:card\" content=\"summary_large_image\" \/>\n<script type=\"application\/ld+json\" class=\"yoast-schema-graph\">{\"@context\":\"https:\/\/schema.org\",\"@graph\":[{\"@type\":\"WebPage\",\"@id\":\"https:\/\/cooperativagenytec.com\/producto\/implementacion-del-sistema-de-gestion-de-seguridad-y-salud-en-el-trabajo-ss-sst\/\",\"url\":\"https:\/\/cooperativagenytec.com\/producto\/implementacion-del-sistema-de-gestion-de-seguridad-y-salud-en-el-trabajo-ss-sst\/\",\"name\":\"Implementaci\u00f3n del sistema de gesti\u00f3n de seguridad y salud en el trabajo (SS-SST) - Cooperativa Genytec\",\"isPartOf\":{\"@id\":\"https:\/\/cooperativagenytec.com\/#website\"},\"primaryImageOfPage\":{\"@id\":\"https:\/\/cooperativagenytec.com\/producto\/implementacion-del-sistema-de-gestion-de-seguridad-y-salud-en-el-trabajo-ss-sst\/#primaryimage\"},\"image\":{\"@id\":\"https:\/\/cooperativagenytec.com\/producto\/implementacion-del-sistema-de-gestion-de-seguridad-y-salud-en-el-trabajo-ss-sst\/#primaryimage\"},\"thumbnailUrl\":\"https:\/\/cooperativagenytec.com\/wp-content\/uploads\/2021\/08\/IMG_20210825_151820925-scaled.jpg\",\"datePublished\":\"2022-06-09T20:30:57+00:00\",\"dateModified\":\"2022-06-09T21:03:16+00:00\",\"breadcrumb\":{\"@id\":\"https:\/\/cooperativagenytec.com\/producto\/implementacion-del-sistema-de-gestion-de-seguridad-y-salud-en-el-trabajo-ss-sst\/#breadcrumb\"},\"inLanguage\":\"en-US\",\"potentialAction\":[{\"@type\":\"ReadAction\",\"target\":[\"https:\/\/cooperativagenytec.com\/producto\/implementacion-del-sistema-de-gestion-de-seguridad-y-salud-en-el-trabajo-ss-sst\/\"]}]},{\"@type\":\"ImageObject\",\"inLanguage\":\"en-US\",\"@id\":\"https:\/\/cooperativagenytec.com\/producto\/implementacion-del-sistema-de-gestion-de-seguridad-y-salud-en-el-trabajo-ss-sst\/#primaryimage\",\"url\":\"https:\/\/cooperativagenytec.com\/wp-content\/uploads\/2021\/08\/IMG_20210825_151820925-scaled.jpg\",\"contentUrl\":\"https:\/\/cooperativagenytec.com\/wp-content\/uploads\/2021\/08\/IMG_20210825_151820925-scaled.jpg\",\"width\":1920,\"height\":2560},{\"@type\":\"BreadcrumbList\",\"@id\":\"https:\/\/cooperativagenytec.com\/producto\/implementacion-del-sistema-de-gestion-de-seguridad-y-salud-en-el-trabajo-ss-sst\/#breadcrumb\",\"itemListElement\":[{\"@type\":\"ListItem\",\"position\":1,\"name\":\"Portada\",\"item\":\"https:\/\/cooperativagenytec.com\/\"},{\"@type\":\"ListItem\",\"position\":2,\"name\":\"Catalogo de Servicios\",\"item\":\"https:\/\/cooperativagenytec.com\/tienda-2\/catalogo-de-servicios\/\"},{\"@type\":\"ListItem\",\"position\":3,\"name\":\"Implementaci\u00f3n del sistema de gesti\u00f3n de seguridad y salud en el trabajo (SS-SST)\"}]},{\"@type\":\"WebSite\",\"@id\":\"https:\/\/cooperativagenytec.com\/#website\",\"url\":\"https:\/\/cooperativagenytec.com\/\",\"name\":\"Cooperativa Genytec\",\"description\":\"Cooperativa Genytec\",\"publisher\":{\"@id\":\"https:\/\/cooperativagenytec.com\/#organization\"},\"potentialAction\":[{\"@type\":\"SearchAction\",\"target\":{\"@type\":\"EntryPoint\",\"urlTemplate\":\"https:\/\/cooperativagenytec.com\/?s={search_term_string}\"},\"query-input\":{\"@type\":\"PropertyValueSpecification\",\"valueRequired\":true,\"valueName\":\"search_term_string\"}}],\"inLanguage\":\"en-US\"},{\"@type\":\"Organization\",\"@id\":\"https:\/\/cooperativagenytec.com\/#organization\",\"name\":\"Cooperativa Genytec\",\"url\":\"https:\/\/cooperativagenytec.com\/\",\"logo\":{\"@type\":\"ImageObject\",\"inLanguage\":\"en-US\",\"@id\":\"https:\/\/cooperativagenytec.com\/#\/schema\/logo\/image\/\",\"url\":\"https:\/\/cooperativagenytec.com\/wp-content\/uploads\/2020\/11\/cropped-0-logo.png\",\"contentUrl\":\"https:\/\/cooperativagenytec.com\/wp-content\/uploads\/2020\/11\/cropped-0-logo.png\",\"width\":133,\"height\":100,\"caption\":\"Cooperativa Genytec\"},\"image\":{\"@id\":\"https:\/\/cooperativagenytec.com\/#\/schema\/logo\/image\/\"}}]}<\/script>\n<!-- \/ Yoast SEO plugin. -->","yoast_head_json":{"title":"Implementaci\u00f3n del sistema de gesti\u00f3n de seguridad y salud en el trabajo (SS-SST) - Cooperativa Genytec","robots":{"index":"index","follow":"follow","max-snippet":"max-snippet:-1","max-image-preview":"max-image-preview:large","max-video-preview":"max-video-preview:-1"},"canonical":"https:\/\/cooperativagenytec.com\/en\/product\/implementacion-del-sistema-de-gestion-de-seguridad-y-salud-en-el-trabajo-ss-sst\/","og_locale":"en_US","og_type":"article","og_title":"Implementaci\u00f3n del sistema de gesti\u00f3n de seguridad y salud en el trabajo (SS-SST) - Cooperativa Genytec","og_description":"Prestamos el servicio de capacitaci\u00f3n y asesor\u00eda en la implementaci\u00f3n del sistema de seguridad y salud en el trabajo (SG-SST) de acuerdo a la resoluci\u00f3n 0312 de 2019 est\u00e1ndares m\u00ednimos del sistema de gesti\u00f3n de seguridad y salud en el trabajo.  Los est\u00e1ndares m\u00ednimos en las unidades de producci\u00f3n\u00a0agropecuaria con diez (10) o menos trabajadores de forma permanente, clasificadas\u00a0con riesgo I, II \u00f3 III y sin consideraci\u00f3n del r\u00e9gimen de tenencia ni condici\u00f3n jur\u00eddica\u00a0son los siguientes:   Identificar los peligros en el marco de los procesos productivos de la unidad de producci\u00f3n agropecuaria, evaluar y valorar los riesgos y establecer los respectivos\u00a0controles.  Desarrollar actividades enfocadas a prevenir la presencia de accidentes de trabajo o enfermedades laborales.  Proteger la seguridad y salud de todas las personas que desarrollan actividades productivas en la unidad de producci\u00f3n agropecuaria.  Las empresas, empleadores y contratantes con diez (10) o menos trabajadores clasificadas con riesgo I, II \u00f3 III deben cumplir con los siguientes Est\u00e1ndares M\u00ednimos, con el fin de proteger la seguridad y salud de los trabajadores","og_url":"https:\/\/cooperativagenytec.com\/en\/product\/implementacion-del-sistema-de-gestion-de-seguridad-y-salud-en-el-trabajo-ss-sst\/","og_site_name":"Cooperativa Genytec","article_modified_time":"2022-06-09T21:03:16+00:00","og_image":[{"width":1920,"height":2560,"url":"https:\/\/cooperativagenytec.com\/wp-content\/uploads\/2021\/08\/IMG_20210825_151820925-scaled.jpg","type":"image\/jpeg"}],"twitter_card":"summary_large_image","schema":{"@context":"https:\/\/schema.org","@graph":[{"@type":"WebPage","@id":"https:\/\/cooperativagenytec.com\/producto\/implementacion-del-sistema-de-gestion-de-seguridad-y-salud-en-el-trabajo-ss-sst\/","url":"https:\/\/cooperativagenytec.com\/producto\/implementacion-del-sistema-de-gestion-de-seguridad-y-salud-en-el-trabajo-ss-sst\/","name":"Implementaci\u00f3n del sistema de gesti\u00f3n de seguridad y salud en el trabajo (SS-SST) - Cooperativa Genytec","isPartOf":{"@id":"https:\/\/cooperativagenytec.com\/#website"},"primaryImageOfPage":{"@id":"https:\/\/cooperativagenytec.com\/producto\/implementacion-del-sistema-de-gestion-de-seguridad-y-salud-en-el-trabajo-ss-sst\/#primaryimage"},"image":{"@id":"https:\/\/cooperativagenytec.com\/producto\/implementacion-del-sistema-de-gestion-de-seguridad-y-salud-en-el-trabajo-ss-sst\/#primaryimage"},"thumbnailUrl":"https:\/\/cooperativagenytec.com\/wp-content\/uploads\/2021\/08\/IMG_20210825_151820925-scaled.jpg","datePublished":"2022-06-09T20:30:57+00:00","dateModified":"2022-06-09T21:03:16+00:00","breadcrumb":{"@id":"https:\/\/cooperativagenytec.com\/producto\/implementacion-del-sistema-de-gestion-de-seguridad-y-salud-en-el-trabajo-ss-sst\/#breadcrumb"},"inLanguage":"en-US","potentialAction":[{"@type":"ReadAction","target":["https:\/\/cooperativagenytec.com\/producto\/implementacion-del-sistema-de-gestion-de-seguridad-y-salud-en-el-trabajo-ss-sst\/"]}]},{"@type":"ImageObject","inLanguage":"en-US","@id":"https:\/\/cooperativagenytec.com\/producto\/implementacion-del-sistema-de-gestion-de-seguridad-y-salud-en-el-trabajo-ss-sst\/#primaryimage","url":"https:\/\/cooperativagenytec.com\/wp-content\/uploads\/2021\/08\/IMG_20210825_151820925-scaled.jpg","contentUrl":"https:\/\/cooperativagenytec.com\/wp-content\/uploads\/2021\/08\/IMG_20210825_151820925-scaled.jpg","width":1920,"height":2560},{"@type":"BreadcrumbList","@id":"https:\/\/cooperativagenytec.com\/producto\/implementacion-del-sistema-de-gestion-de-seguridad-y-salud-en-el-trabajo-ss-sst\/#breadcrumb","itemListElement":[{"@type":"ListItem","position":1,"name":"Portada","item":"https:\/\/cooperativagenytec.com\/"},{"@type":"ListItem","position":2,"name":"Catalogo de Servicios","item":"https:\/\/cooperativagenytec.com\/tienda-2\/catalogo-de-servicios\/"},{"@type":"ListItem","position":3,"name":"Implementaci\u00f3n del sistema de gesti\u00f3n de seguridad y salud en el trabajo (SS-SST)"}]},{"@type":"WebSite","@id":"https:\/\/cooperativagenytec.com\/#website","url":"https:\/\/cooperativagenytec.com\/","name":"Cooperativa Genytec","description":"Cooperativa Genytec","publisher":{"@id":"https:\/\/cooperativagenytec.com\/#organization"},"potentialAction":[{"@type":"SearchAction","target":{"@type":"EntryPoint","urlTemplate":"https:\/\/cooperativagenytec.com\/?s={search_term_string}"},"query-input":{"@type":"PropertyValueSpecification","valueRequired":true,"valueName":"search_term_string"}}],"inLanguage":"en-US"},{"@type":"Organization","@id":"https:\/\/cooperativagenytec.com\/#organization","name":"Cooperativa Genytec","url":"https:\/\/cooperativagenytec.com\/","logo":{"@type":"ImageObject","inLanguage":"en-US","@id":"https:\/\/cooperativagenytec.com\/#\/schema\/logo\/image\/","url":"https:\/\/cooperativagenytec.com\/wp-content\/uploads\/2020\/11\/cropped-0-logo.png","contentUrl":"https:\/\/cooperativagenytec.com\/wp-content\/uploads\/2020\/11\/cropped-0-logo.png","width":133,"height":100,"caption":"Cooperativa Genytec"},"image":{"@id":"https:\/\/cooperativagenytec.com\/#\/schema\/logo\/image\/"}}]}},"_links":{"self":[{"href":"https:\/\/cooperativagenytec.com\/en\/wp-json\/wp\/v2\/product\/1903"}],"collection":[{"href":"https:\/\/cooperativagenytec.com\/en\/wp-json\/wp\/v2\/product"}],"about":[{"href":"https:\/\/cooperativagenytec.com\/en\/wp-json\/wp\/v2\/types\/product"}],"replies":[{"embeddable":true,"href":"https:\/\/cooperativagenytec.com\/en\/wp-json\/wp\/v2\/comments?post=1903"}],"wp:featuredmedia":[{"embeddable":true,"href":"https:\/\/cooperativagenytec.com\/en\/wp-json\/wp\/v2\/media\/1223"}],"wp:attachment":[{"href":"https:\/\/cooperativagenytec.com\/en\/wp-json\/wp\/v2\/media?parent=1903"}],"wp:term":[{"taxonomy":"product_cat","embeddable":true,"href":"https:\/\/cooperativagenytec.com\/en\/wp-json\/wp\/v2\/product_cat?post=1903"},{"taxonomy":"product_tag","embeddable":true,"href":"https:\/\/cooperativagenytec.com\/en\/wp-json\/wp\/v2\/product_tag?post=1903"}],"curies":[{"name":"wp","href":"https:\/\/api.w.org\/{rel}","templated":true}]}}