{"id":2,"date":"2020-11-06T22:02:28","date_gmt":"2020-11-06T22:02:28","guid":{"rendered":"http:\/\/cooperativagenytec.com\/?page_id=2"},"modified":"2023-03-28T20:50:28","modified_gmt":"2023-03-28T20:50:28","slug":"trabaja-con-nosotros","status":"publish","type":"page","link":"https:\/\/cooperativagenytec.com\/en\/trabaja-con-nosotros\/","title":{"rendered":"Trabaja con nosotros"},"content":{"rendered":"\t\t<div data-elementor-type=\"wp-page\" data-elementor-id=\"2\" class=\"elementor elementor-2\">\n\t\t\t\t\t\t<header class=\"elementor-section elementor-top-section elementor-element elementor-element-qslbz7f elementor-section-full_width elementor-section-height-default elementor-section-height-default\" data-id=\"qslbz7f\" data-element_type=\"section\" data-settings=\"{&quot;background_background&quot;:&quot;slideshow&quot;,&quot;background_slideshow_gallery&quot;:[{&quot;id&quot;:1724,&quot;url&quot;:&quot;https:\\\/\\\/cooperativagenytec.com\\\/wp-content\\\/uploads\\\/2022\\\/06\\\/IMG_20210825_150322850-scaled.jpg&quot;},{&quot;id&quot;:1692,&quot;url&quot;:&quot;https:\\\/\\\/cooperativagenytec.com\\\/wp-content\\\/uploads\\\/2022\\\/06\\\/P1070706-scaled.jpg&quot;},{&quot;id&quot;:1688,&quot;url&quot;:&quot;https:\\\/\\\/cooperativagenytec.com\\\/wp-content\\\/uploads\\\/2022\\\/06\\\/IMG-20210824-WA0004.jpg&quot;},{&quot;id&quot;:1683,&quot;url&quot;:&quot;https:\\\/\\\/cooperativagenytec.com\\\/wp-content\\\/uploads\\\/2022\\\/06\\\/IMG-20210522-WA0010-1.jpg&quot;},{&quot;id&quot;:1682,&quot;url&quot;:&quot;https:\\\/\\\/cooperativagenytec.com\\\/wp-content\\\/uploads\\\/2022\\\/06\\\/Copia-de-WhatsApp-Image-2020-10-28-at-12.47.21-PM-5.jpeg&quot;},{&quot;id&quot;:1676,&quot;url&quot;:&quot;https:\\\/\\\/cooperativagenytec.com\\\/wp-content\\\/uploads\\\/2022\\\/06\\\/2.jpg&quot;},{&quot;id&quot;:1208,&quot;url&quot;:&quot;https:\\\/\\\/cooperativagenytec.com\\\/wp-content\\\/uploads\\\/2021\\\/08\\\/IMG_20210824_163241092-scaled.jpg&quot;},{&quot;id&quot;:1125,&quot;url&quot;:&quot;https:\\\/\\\/cooperativagenytec.com\\\/wp-content\\\/uploads\\\/2021\\\/08\\\/20170621_134436.jpg&quot;},{&quot;id&quot;:1091,&quot;url&quot;:&quot;https:\\\/\\\/cooperativagenytec.com\\\/wp-content\\\/uploads\\\/2021\\\/08\\\/11.jpg&quot;}],&quot;background_slideshow_slide_transition&quot;:&quot;slide_down&quot;,&quot;background_slideshow_ken_burns&quot;:&quot;yes&quot;,&quot;background_slideshow_loop&quot;:&quot;yes&quot;,&quot;background_slideshow_slide_duration&quot;:5000,&quot;background_slideshow_transition_duration&quot;:500,&quot;background_slideshow_ken_burns_zoom_direction&quot;:&quot;in&quot;}\">\n\t\t\t\t\t\t\t<div class=\"elementor-background-overlay\"><\/div>\n\t\t\t\t\t\t\t<div class=\"elementor-container elementor-column-gap-default\">\n\t\t\t\t\t<div class=\"elementor-column elementor-col-100 elementor-top-column elementor-element elementor-element-3706530d\" data-id=\"3706530d\" data-element_type=\"column\">\n\t\t\t<div class=\"elementor-widget-wrap elementor-element-populated\">\n\t\t\t\t\t\t<div class=\"elementor-element elementor-element-537de1f elementor-widget elementor-widget-heading\" data-id=\"537de1f\" data-element_type=\"widget\" data-widget_type=\"heading.default\">\n\t\t\t\t<div class=\"elementor-widget-container\">\n\t\t\t\t\t<h1 class=\"elementor-heading-title elementor-size-default\">Trabaja con nosotros<\/h1>\t\t\t\t<\/div>\n\t\t\t\t<\/div>\n\t\t\t\t\t<\/div>\n\t\t<\/div>\n\t\t\t\t\t<\/div>\n\t\t<\/header>\n\t\t\t\t<section class=\"elementor-section elementor-top-section elementor-element elementor-element-pnoc4gd elementor-section-boxed elementor-section-height-default elementor-section-height-default\" data-id=\"pnoc4gd\" data-element_type=\"section\">\n\t\t\t\t\t\t<div class=\"elementor-container elementor-column-gap-default\">\n\t\t\t\t\t<div class=\"elementor-column elementor-col-100 elementor-top-column elementor-element elementor-element-1ca627b\" data-id=\"1ca627b\" data-element_type=\"column\">\n\t\t\t<div class=\"elementor-widget-wrap elementor-element-populated\">\n\t\t\t\t\t\t<div class=\"elementor-element elementor-element-42fd904 elementor-widget elementor-widget-heading\" data-id=\"42fd904\" data-element_type=\"widget\" data-widget_type=\"heading.default\">\n\t\t\t\t<div class=\"elementor-widget-container\">\n\t\t\t\t\t<h2 class=\"elementor-heading-title elementor-size-default\">Vacantes disponibles<\/h2>\t\t\t\t<\/div>\n\t\t\t\t<\/div>\n\t\t\t\t<div class=\"elementor-element elementor-element-432499d elementor-widget-divider--view-line elementor-widget elementor-widget-divider\" data-id=\"432499d\" data-element_type=\"widget\" data-widget_type=\"divider.default\">\n\t\t\t\t<div class=\"elementor-widget-container\">\n\t\t\t\t\t\t\t<div class=\"elementor-divider\">\n\t\t\t<span class=\"elementor-divider-separator\">\n\t\t\t\t\t\t<\/span>\n\t\t<\/div>\n\t\t\t\t\t\t<\/div>\n\t\t\t\t<\/div>\n\t\t\t\t\t<\/div>\n\t\t<\/div>\n\t\t\t\t\t<\/div>\n\t\t<\/section>\n\t\t\t\t<section class=\"elementor-section elementor-inner-section elementor-element elementor-element-qossrq5 elementor-section-boxed elementor-section-height-default elementor-section-height-default elementor-invisible\" data-id=\"qossrq5\" data-element_type=\"section\" data-settings=\"{&quot;animation&quot;:&quot;fadeInDown&quot;}\">\n\t\t\t\t\t\t<div class=\"elementor-container elementor-column-gap-default\">\n\t\t\t\t\t<div class=\"elementor-column elementor-col-50 elementor-inner-column elementor-element elementor-element-f20a204\" data-id=\"f20a204\" data-element_type=\"column\">\n\t\t\t<div class=\"elementor-widget-wrap elementor-element-populated\">\n\t\t\t\t\t\t<div class=\"elementor-element elementor-element-bfd172b elementor-invisible elementor-widget elementor-widget-image\" data-id=\"bfd172b\" data-element_type=\"widget\" data-settings=\"{&quot;_animation&quot;:&quot;fadeIn&quot;}\" data-widget_type=\"image.default\">\n\t\t\t\t<div class=\"elementor-widget-container\">\n\t\t\t\t\t\t\t\t\t\t\t\t\t\t\t<img fetchpriority=\"high\" decoding=\"async\" width=\"1024\" height=\"683\" src=\"https:\/\/cooperativagenytec.com\/wp-content\/uploads\/2022\/06\/P1070705-1024x683.jpg\" class=\"attachment-large size-large wp-image-1691\" alt=\"\" srcset=\"https:\/\/cooperativagenytec.com\/wp-content\/uploads\/2022\/06\/P1070705-1024x683.jpg 1024w, https:\/\/cooperativagenytec.com\/wp-content\/uploads\/2022\/06\/P1070705-300x200.jpg 300w, https:\/\/cooperativagenytec.com\/wp-content\/uploads\/2022\/06\/P1070705-768x512.jpg 768w, https:\/\/cooperativagenytec.com\/wp-content\/uploads\/2022\/06\/P1070705-1536x1024.jpg 1536w, https:\/\/cooperativagenytec.com\/wp-content\/uploads\/2022\/06\/P1070705-2048x1365.jpg 2048w, https:\/\/cooperativagenytec.com\/wp-content\/uploads\/2022\/06\/P1070705-18x12.jpg 18w, https:\/\/cooperativagenytec.com\/wp-content\/uploads\/2022\/06\/P1070705-600x400.jpg 600w\" sizes=\"(max-width: 1024px) 100vw, 1024px\" \/>\t\t\t\t\t\t\t\t\t\t\t\t\t\t\t<\/div>\n\t\t\t\t<\/div>\n\t\t\t\t<div class=\"elementor-element elementor-element-d0c44fe elementor-widget elementor-widget-image-box\" data-id=\"d0c44fe\" data-element_type=\"widget\" data-widget_type=\"image-box.default\">\n\t\t\t\t<div class=\"elementor-widget-container\">\n\t\t\t\t\t<div class=\"elementor-image-box-wrapper\"><div class=\"elementor-image-box-content\"><h5 class=\"elementor-image-box-title\">T\u00e9cnico de mejoramiento genetico e inseminacion artificial<\/h5><p class=\"elementor-image-box-description\">Experiencia m\u00ednima de un mes (1) relacionada con la inseminaci\u00f3n artificial<\/p><\/div><\/div>\t\t\t\t<\/div>\n\t\t\t\t<\/div>\n\t\t\t\t<div class=\"elementor-element elementor-element-791da8c elementor-mobile-align-center elementor-align-left elementor-widget elementor-widget-button\" data-id=\"791da8c\" data-element_type=\"widget\" data-widget_type=\"button.default\">\n\t\t\t\t<div class=\"elementor-widget-container\">\n\t\t\t\t\t\t\t\t\t<div class=\"elementor-button-wrapper\">\n\t\t\t\t\t<a class=\"elementor-button elementor-button-link elementor-size-sm elementor-animation-sink\" href=\"https:\/\/cooperativagenytec.com\/tecnico-de-mejoramiento-genetico-e-inseminacion-artificial\/\">\n\t\t\t\t\t\t<span class=\"elementor-button-content-wrapper\">\n\t\t\t\t\t\t<span class=\"elementor-button-icon\">\n\t\t\t\t<i aria-hidden=\"true\" class=\"fas fa-arrow-right\"><\/i>\t\t\t<\/span>\n\t\t\t\t\t\t\t\t\t<span class=\"elementor-button-text\">PERFIL<\/span>\n\t\t\t\t\t<\/span>\n\t\t\t\t\t<\/a>\n\t\t\t\t<\/div>\n\t\t\t\t\t\t\t\t<\/div>\n\t\t\t\t<\/div>\n\t\t\t\t\t<\/div>\n\t\t<\/div>\n\t\t\t\t<div class=\"elementor-column elementor-col-50 elementor-inner-column elementor-element elementor-element-bce40d9\" data-id=\"bce40d9\" data-element_type=\"column\">\n\t\t\t<div class=\"elementor-widget-wrap elementor-element-populated\">\n\t\t\t\t\t\t<div class=\"elementor-element elementor-element-cce00ea elementor-invisible elementor-widget elementor-widget-image\" data-id=\"cce00ea\" data-element_type=\"widget\" data-settings=\"{&quot;_animation&quot;:&quot;zoomInUp&quot;}\" data-widget_type=\"image.default\">\n\t\t\t\t<div class=\"elementor-widget-container\">\n\t\t\t\t\t\t\t\t\t\t\t\t\t\t\t<img decoding=\"async\" width=\"480\" height=\"480\" src=\"https:\/\/cooperativagenytec.com\/wp-content\/uploads\/2022\/03\/4.png\" class=\"attachment-large size-large wp-image-1286\" alt=\"\" srcset=\"https:\/\/cooperativagenytec.com\/wp-content\/uploads\/2022\/03\/4.png 480w, https:\/\/cooperativagenytec.com\/wp-content\/uploads\/2022\/03\/4-300x300.png 300w, https:\/\/cooperativagenytec.com\/wp-content\/uploads\/2022\/03\/4-150x150.png 150w, https:\/\/cooperativagenytec.com\/wp-content\/uploads\/2022\/03\/4-12x12.png 12w, https:\/\/cooperativagenytec.com\/wp-content\/uploads\/2022\/03\/4-100x100.png 100w\" sizes=\"(max-width: 480px) 100vw, 480px\" \/>\t\t\t\t\t\t\t\t\t\t\t\t\t\t\t<\/div>\n\t\t\t\t<\/div>\n\t\t\t\t<div class=\"elementor-element elementor-element-bedc240 elementor-widget elementor-widget-image-box\" data-id=\"bedc240\" data-element_type=\"widget\" data-widget_type=\"image-box.default\">\n\t\t\t\t<div class=\"elementor-widget-container\">\n\t\t\t\t\t<div class=\"elementor-image-box-wrapper\"><div class=\"elementor-image-box-content\"><h5 class=\"elementor-image-box-title\">Profesional o tecn\u00f3logo en Seguridad y Salud en el Trabajo SST<\/h5><p class=\"elementor-image-box-description\">Profesional con competencias en legislaci\u00f3n de riesgos laborales. As\u00ed, como conocimientos en evaluaci\u00f3n y sistemas de riesgos de seguridad y salud en el trabajo en entornos rurales, para zona de Urab\u00e1<\/p><\/div><\/div>\t\t\t\t<\/div>\n\t\t\t\t<\/div>\n\t\t\t\t<div class=\"elementor-element elementor-element-2a08bb0 elementor-mobile-align-center elementor-align-left elementor-widget elementor-widget-button\" data-id=\"2a08bb0\" data-element_type=\"widget\" data-widget_type=\"button.default\">\n\t\t\t\t<div class=\"elementor-widget-container\">\n\t\t\t\t\t\t\t\t\t<div class=\"elementor-button-wrapper\">\n\t\t\t\t\t<a class=\"elementor-button elementor-button-link elementor-size-sm elementor-animation-sink\" href=\"https:\/\/cooperativagenytec.com\/profesional-o-tecnologo-en-seguridad-y-salud-en-el-trabajo-sst\/\">\n\t\t\t\t\t\t<span class=\"elementor-button-content-wrapper\">\n\t\t\t\t\t\t<span class=\"elementor-button-icon\">\n\t\t\t\t<i aria-hidden=\"true\" class=\"fas fa-arrow-right\"><\/i>\t\t\t<\/span>\n\t\t\t\t\t\t\t\t\t<span class=\"elementor-button-text\">PERFIL<\/span>\n\t\t\t\t\t<\/span>\n\t\t\t\t\t<\/a>\n\t\t\t\t<\/div>\n\t\t\t\t\t\t\t\t<\/div>\n\t\t\t\t<\/div>\n\t\t\t\t\t<\/div>\n\t\t<\/div>\n\t\t\t\t\t<\/div>\n\t\t<\/section>\n\t\t\t\t<\/div>\n\t\t","protected":false},"excerpt":{"rendered":"<p>Trabaja con nosotros Vacantes disponibles T\u00e9cnico de mejoramiento genetico e inseminacion artificial Experiencia m\u00ednima de un mes (1) relacionada con la inseminaci\u00f3n artificial PERFIL Profesional o tecn\u00f3logo en Seguridad y Salud en el Trabajo SST Profesional con competencias en legislaci\u00f3n de riesgos laborales. As\u00ed, como conocimientos en evaluaci\u00f3n y sistemas de riesgos de seguridad y [&hellip;]<\/p>\n","protected":false},"author":1,"featured_media":0,"parent":0,"menu_order":0,"comment_status":"closed","ping_status":"closed","template":"","meta":{"site-sidebar-layout":"default","site-content-layout":"","ast-site-content-layout":"default","site-content-style":"default","site-sidebar-style":"default","ast-global-header-display":"","ast-banner-title-visibility":"","ast-main-header-display":"","ast-hfb-above-header-display":"","ast-hfb-below-header-display":"","ast-hfb-mobile-header-display":"","site-post-title":"","ast-breadcrumbs-content":"","ast-featured-img":"","footer-sml-layout":"","ast-disable-related-posts":"","theme-transparent-header-meta":"","adv-header-id-meta":"","stick-header-meta":"","header-above-stick-meta":"","header-main-stick-meta":"","header-below-stick-meta":"","astra-migrate-meta-layouts":"default","ast-page-background-enabled":"default","ast-page-background-meta":{"desktop":{"background-color":"","background-image":"","background-repeat":"repeat","background-position":"center center","background-size":"auto","background-attachment":"scroll","background-type":"","background-media":"","overlay-type":"","overlay-color":"","overlay-opacity":"","overlay-gradient":""},"tablet":{"background-color":"","background-image":"","background-repeat":"repeat","background-position":"center center","background-size":"auto","background-attachment":"scroll","background-type":"","background-media":"","overlay-type":"","overlay-color":"","overlay-opacity":"","overlay-gradient":""},"mobile":{"background-color":"","background-image":"","background-repeat":"repeat","background-position":"center center","background-size":"auto","background-attachment":"scroll","background-type":"","background-media":"","overlay-type":"","overlay-color":"","overlay-opacity":"","overlay-gradient":""}},"ast-content-background-meta":{"desktop":{"background-color":"var(--ast-global-color-5)","background-image":"","background-repeat":"repeat","background-position":"center center","background-size":"auto","background-attachment":"scroll","background-type":"","background-media":"","overlay-type":"","overlay-color":"","overlay-opacity":"","overlay-gradient":""},"tablet":{"background-color":"var(--ast-global-color-5)","background-image":"","background-repeat":"repeat","background-position":"center center","background-size":"auto","background-attachment":"scroll","background-type":"","background-media":"","overlay-type":"","overlay-color":"","overlay-opacity":"","overlay-gradient":""},"mobile":{"background-color":"var(--ast-global-color-5)","background-image":"","background-repeat":"repeat","background-position":"center center","background-size":"auto","background-attachment":"scroll","background-type":"","background-media":"","overlay-type":"","overlay-color":"","overlay-opacity":"","overlay-gradient":""}},"footnotes":"","_joinchat":[]},"yoast_head":"<!-- This site is optimized with the Yoast SEO plugin v23.5 - https:\/\/yoast.com\/wordpress\/plugins\/seo\/ -->\n<title>Trabaja con nosotros - Cooperativa Genytec<\/title>\n<meta name=\"robots\" content=\"index, follow, max-snippet:-1, max-image-preview:large, max-video-preview:-1\" \/>\n<link rel=\"canonical\" href=\"https:\/\/cooperativagenytec.com\/en\/trabaja-con-nosotros\/\" \/>\n<meta property=\"og:locale\" content=\"en_US\" \/>\n<meta property=\"og:type\" content=\"article\" \/>\n<meta property=\"og:title\" content=\"Trabaja con nosotros - Cooperativa Genytec\" \/>\n<meta property=\"og:description\" content=\"Trabaja con nosotros Vacantes disponibles T\u00e9cnico de mejoramiento genetico e inseminacion artificial Experiencia m\u00ednima de un mes (1) relacionada con la inseminaci\u00f3n artificial PERFIL Profesional o tecn\u00f3logo en Seguridad y Salud en el Trabajo SST Profesional con competencias en legislaci\u00f3n de riesgos laborales. As\u00ed, como conocimientos en evaluaci\u00f3n y sistemas de riesgos de seguridad y [&hellip;]\" \/>\n<meta property=\"og:url\" content=\"https:\/\/cooperativagenytec.com\/en\/trabaja-con-nosotros\/\" \/>\n<meta property=\"og:site_name\" content=\"Cooperativa Genytec\" \/>\n<meta property=\"article:modified_time\" content=\"2023-03-28T20:50:28+00:00\" \/>\n<meta property=\"og:image\" content=\"https:\/\/cooperativagenytec.com\/wp-content\/uploads\/2022\/06\/P1070705-1024x683.jpg\" \/>\n<meta name=\"twitter:card\" content=\"summary_large_image\" \/>\n<meta name=\"twitter:label1\" content=\"Est. reading time\" \/>\n\t<meta name=\"twitter:data1\" content=\"1 minute\" \/>\n<script type=\"application\/ld+json\" class=\"yoast-schema-graph\">{\"@context\":\"https:\/\/schema.org\",\"@graph\":[{\"@type\":\"WebPage\",\"@id\":\"https:\/\/cooperativagenytec.com\/trabaja-con-nosotros\/\",\"url\":\"https:\/\/cooperativagenytec.com\/trabaja-con-nosotros\/\",\"name\":\"Trabaja con nosotros - Cooperativa Genytec\",\"isPartOf\":{\"@id\":\"https:\/\/cooperativagenytec.com\/#website\"},\"primaryImageOfPage\":{\"@id\":\"https:\/\/cooperativagenytec.com\/trabaja-con-nosotros\/#primaryimage\"},\"image\":{\"@id\":\"https:\/\/cooperativagenytec.com\/trabaja-con-nosotros\/#primaryimage\"},\"thumbnailUrl\":\"https:\/\/cooperativagenytec.com\/wp-content\/uploads\/2022\/06\/P1070705-1024x683.jpg\",\"datePublished\":\"2020-11-06T22:02:28+00:00\",\"dateModified\":\"2023-03-28T20:50:28+00:00\",\"breadcrumb\":{\"@id\":\"https:\/\/cooperativagenytec.com\/trabaja-con-nosotros\/#breadcrumb\"},\"inLanguage\":\"en-US\",\"potentialAction\":[{\"@type\":\"ReadAction\",\"target\":[\"https:\/\/cooperativagenytec.com\/trabaja-con-nosotros\/\"]}]},{\"@type\":\"ImageObject\",\"inLanguage\":\"en-US\",\"@id\":\"https:\/\/cooperativagenytec.com\/trabaja-con-nosotros\/#primaryimage\",\"url\":\"https:\/\/cooperativagenytec.com\/wp-content\/uploads\/2022\/06\/P1070705-1024x683.jpg\",\"contentUrl\":\"https:\/\/cooperativagenytec.com\/wp-content\/uploads\/2022\/06\/P1070705-1024x683.jpg\"},{\"@type\":\"BreadcrumbList\",\"@id\":\"https:\/\/cooperativagenytec.com\/trabaja-con-nosotros\/#breadcrumb\",\"itemListElement\":[{\"@type\":\"ListItem\",\"position\":1,\"name\":\"Portada\",\"item\":\"https:\/\/cooperativagenytec.com\/\"},{\"@type\":\"ListItem\",\"position\":2,\"name\":\"Trabaja con nosotros\"}]},{\"@type\":\"WebSite\",\"@id\":\"https:\/\/cooperativagenytec.com\/#website\",\"url\":\"https:\/\/cooperativagenytec.com\/\",\"name\":\"Cooperativa Genytec\",\"description\":\"Cooperativa Genytec\",\"publisher\":{\"@id\":\"https:\/\/cooperativagenytec.com\/#organization\"},\"potentialAction\":[{\"@type\":\"SearchAction\",\"target\":{\"@type\":\"EntryPoint\",\"urlTemplate\":\"https:\/\/cooperativagenytec.com\/?s={search_term_string}\"},\"query-input\":{\"@type\":\"PropertyValueSpecification\",\"valueRequired\":true,\"valueName\":\"search_term_string\"}}],\"inLanguage\":\"en-US\"},{\"@type\":\"Organization\",\"@id\":\"https:\/\/cooperativagenytec.com\/#organization\",\"name\":\"Cooperativa Genytec\",\"url\":\"https:\/\/cooperativagenytec.com\/\",\"logo\":{\"@type\":\"ImageObject\",\"inLanguage\":\"en-US\",\"@id\":\"https:\/\/cooperativagenytec.com\/#\/schema\/logo\/image\/\",\"url\":\"https:\/\/cooperativagenytec.com\/wp-content\/uploads\/2020\/11\/cropped-0-logo.png\",\"contentUrl\":\"https:\/\/cooperativagenytec.com\/wp-content\/uploads\/2020\/11\/cropped-0-logo.png\",\"width\":133,\"height\":100,\"caption\":\"Cooperativa Genytec\"},\"image\":{\"@id\":\"https:\/\/cooperativagenytec.com\/#\/schema\/logo\/image\/\"}}]}<\/script>\n<!-- \/ Yoast SEO plugin. -->","yoast_head_json":{"title":"Trabaja con nosotros - Cooperativa Genytec","robots":{"index":"index","follow":"follow","max-snippet":"max-snippet:-1","max-image-preview":"max-image-preview:large","max-video-preview":"max-video-preview:-1"},"canonical":"https:\/\/cooperativagenytec.com\/en\/trabaja-con-nosotros\/","og_locale":"en_US","og_type":"article","og_title":"Trabaja con nosotros - Cooperativa Genytec","og_description":"Trabaja con nosotros Vacantes disponibles T\u00e9cnico de mejoramiento genetico e inseminacion artificial Experiencia m\u00ednima de un mes (1) relacionada con la inseminaci\u00f3n artificial PERFIL Profesional o tecn\u00f3logo en Seguridad y Salud en el Trabajo SST Profesional con competencias en legislaci\u00f3n de riesgos laborales. As\u00ed, como conocimientos en evaluaci\u00f3n y sistemas de riesgos de seguridad y [&hellip;]","og_url":"https:\/\/cooperativagenytec.com\/en\/trabaja-con-nosotros\/","og_site_name":"Cooperativa Genytec","article_modified_time":"2023-03-28T20:50:28+00:00","og_image":[{"url":"https:\/\/cooperativagenytec.com\/wp-content\/uploads\/2022\/06\/P1070705-1024x683.jpg"}],"twitter_card":"summary_large_image","twitter_misc":{"Est. reading time":"1 minute"},"schema":{"@context":"https:\/\/schema.org","@graph":[{"@type":"WebPage","@id":"https:\/\/cooperativagenytec.com\/trabaja-con-nosotros\/","url":"https:\/\/cooperativagenytec.com\/trabaja-con-nosotros\/","name":"Trabaja con nosotros - Cooperativa Genytec","isPartOf":{"@id":"https:\/\/cooperativagenytec.com\/#website"},"primaryImageOfPage":{"@id":"https:\/\/cooperativagenytec.com\/trabaja-con-nosotros\/#primaryimage"},"image":{"@id":"https:\/\/cooperativagenytec.com\/trabaja-con-nosotros\/#primaryimage"},"thumbnailUrl":"https:\/\/cooperativagenytec.com\/wp-content\/uploads\/2022\/06\/P1070705-1024x683.jpg","datePublished":"2020-11-06T22:02:28+00:00","dateModified":"2023-03-28T20:50:28+00:00","breadcrumb":{"@id":"https:\/\/cooperativagenytec.com\/trabaja-con-nosotros\/#breadcrumb"},"inLanguage":"en-US","potentialAction":[{"@type":"ReadAction","target":["https:\/\/cooperativagenytec.com\/trabaja-con-nosotros\/"]}]},{"@type":"ImageObject","inLanguage":"en-US","@id":"https:\/\/cooperativagenytec.com\/trabaja-con-nosotros\/#primaryimage","url":"https:\/\/cooperativagenytec.com\/wp-content\/uploads\/2022\/06\/P1070705-1024x683.jpg","contentUrl":"https:\/\/cooperativagenytec.com\/wp-content\/uploads\/2022\/06\/P1070705-1024x683.jpg"},{"@type":"BreadcrumbList","@id":"https:\/\/cooperativagenytec.com\/trabaja-con-nosotros\/#breadcrumb","itemListElement":[{"@type":"ListItem","position":1,"name":"Portada","item":"https:\/\/cooperativagenytec.com\/"},{"@type":"ListItem","position":2,"name":"Trabaja con nosotros"}]},{"@type":"WebSite","@id":"https:\/\/cooperativagenytec.com\/#website","url":"https:\/\/cooperativagenytec.com\/","name":"Cooperativa Genytec","description":"Cooperativa Genytec","publisher":{"@id":"https:\/\/cooperativagenytec.com\/#organization"},"potentialAction":[{"@type":"SearchAction","target":{"@type":"EntryPoint","urlTemplate":"https:\/\/cooperativagenytec.com\/?s={search_term_string}"},"query-input":{"@type":"PropertyValueSpecification","valueRequired":true,"valueName":"search_term_string"}}],"inLanguage":"en-US"},{"@type":"Organization","@id":"https:\/\/cooperativagenytec.com\/#organization","name":"Cooperativa Genytec","url":"https:\/\/cooperativagenytec.com\/","logo":{"@type":"ImageObject","inLanguage":"en-US","@id":"https:\/\/cooperativagenytec.com\/#\/schema\/logo\/image\/","url":"https:\/\/cooperativagenytec.com\/wp-content\/uploads\/2020\/11\/cropped-0-logo.png","contentUrl":"https:\/\/cooperativagenytec.com\/wp-content\/uploads\/2020\/11\/cropped-0-logo.png","width":133,"height":100,"caption":"Cooperativa Genytec"},"image":{"@id":"https:\/\/cooperativagenytec.com\/#\/schema\/logo\/image\/"}}]}},"_links":{"self":[{"href":"https:\/\/cooperativagenytec.com\/en\/wp-json\/wp\/v2\/pages\/2"}],"collection":[{"href":"https:\/\/cooperativagenytec.com\/en\/wp-json\/wp\/v2\/pages"}],"about":[{"href":"https:\/\/cooperativagenytec.com\/en\/wp-json\/wp\/v2\/types\/page"}],"author":[{"embeddable":true,"href":"https:\/\/cooperativagenytec.com\/en\/wp-json\/wp\/v2\/users\/1"}],"replies":[{"embeddable":true,"href":"https:\/\/cooperativagenytec.com\/en\/wp-json\/wp\/v2\/comments?post=2"}],"version-history":[{"count":139,"href":"https:\/\/cooperativagenytec.com\/en\/wp-json\/wp\/v2\/pages\/2\/revisions"}],"predecessor-version":[{"id":2653,"href":"https:\/\/cooperativagenytec.com\/en\/wp-json\/wp\/v2\/pages\/2\/revisions\/2653"}],"wp:attachment":[{"href":"https:\/\/cooperativagenytec.com\/en\/wp-json\/wp\/v2\/media?parent=2"}],"curies":[{"name":"wp","href":"https:\/\/api.w.org\/{rel}","templated":true}]}}