{"id":1560,"date":"2022-06-02T15:27:50","date_gmt":"2022-06-02T15:27:50","guid":{"rendered":"https:\/\/cooperativagenytec.com\/?page_id=1560"},"modified":"2022-06-13T14:26:12","modified_gmt":"2022-06-13T14:26:12","slug":"proteccion-de-datos-personales-y-tratamiento-de-datos-2","status":"publish","type":"page","link":"https:\/\/cooperativagenytec.com\/en\/proteccion-de-datos-personales-y-tratamiento-de-datos-2\/","title":{"rendered":"Protecci\u00f3n de datos personales y tratamiento de datos"},"content":{"rendered":"<div data-elementor-type=\"wp-page\" data-elementor-id=\"1560\" class=\"elementor elementor-1560\">\n\t\t\t\t\t\t<section class=\"elementor-section elementor-top-section elementor-element elementor-element-4494ed5c elementor-section-boxed elementor-section-height-default elementor-section-height-default\" data-id=\"4494ed5c\" data-element_type=\"section\">\n\t\t\t\t\t\t<div class=\"elementor-container elementor-column-gap-default\">\n\t\t\t\t\t<div class=\"elementor-column elementor-col-100 elementor-top-column elementor-element elementor-element-c72f310\" data-id=\"c72f310\" data-element_type=\"column\">\n\t\t\t<div class=\"elementor-widget-wrap elementor-element-populated\">\n\t\t\t\t\t\t<div class=\"elementor-element elementor-element-41575876 elementor-widget elementor-widget-text-editor\" data-id=\"41575876\" data-element_type=\"widget\" data-widget_type=\"text-editor.default\">\n\t\t\t\t<div class=\"elementor-widget-container\">\n\t\t\t\t\t\t\t\t\t\n<p>En cumplimiento de la Ley Estatutaria 1581 de 2012, \u201cPor la cual se dictan disposiciones generales para la protecci\u00f3n de datos personales\u201d, (en adelante LEPD) y sus Decretos reglamentarios 1377 de 2103, \u201cPor el cual se reglamenta parcialmente la Ley 1581 de 2012\u201d, y el&nbsp; decreto 1074 de 2015&#8243; Por medio del cual se expide el Decreto \u00danico Reglamentario del Sector Comercio, Industria y Turismo, y dem\u00e1s normas concordantes, se informa al titular de datos que por medio de su conducta inequ\u00edvoca est\u00e1 autorizando de manera razonable la autorizaci\u00f3n para el tratamiento&nbsp; de sus datos personales&nbsp; consignados en el presente contrato de manera inequ\u00edvoca, voluntaria, sin vicios de consentimiento como dolo, error o intimidaci\u00f3n los cuales ser\u00e1&nbsp; incorporados en una base de datos responsabilidad de <strong>La Cooperativa Genytec<\/strong>, siendo tratados con la finalidad de: la gesti\u00f3n administrativa de la entidad as\u00ed como la gesti\u00f3n de car\u00e1cter comercial, contacto y el env\u00edo de comunicaciones comerciales sobre nuestros productos y\/o servicios.<\/p>\n\t\t\t\t\t\t\t\t<\/div>\n\t\t\t\t<\/div>\n\t\t\t\t\t<\/div>\n\t\t<\/div>\n\t\t\t\t\t<\/div>\n\t\t<\/section>\n\t\t\t\t<\/div>","protected":false},"excerpt":{"rendered":"<p>En cumplimiento de la Ley Estatutaria 1581 de 2012, \u201cPor la cual se dictan disposiciones generales para la protecci\u00f3n de datos personales\u201d, (en adelante LEPD) y sus Decretos reglamentarios 1377 de 2103, \u201cPor el cual se reglamenta parcialmente la Ley 1581 de 2012\u201d, y el&nbsp; decreto 1074 de 2015&#8243; Por medio del cual se expide [&hellip;]<\/p>\n","protected":false},"author":1,"featured_media":0,"parent":0,"menu_order":0,"comment_status":"closed","ping_status":"closed","template":"","meta":{"site-sidebar-layout":"default","site-content-layout":"","ast-site-content-layout":"default","site-content-style":"default","site-sidebar-style":"default","ast-global-header-display":"","ast-banner-title-visibility":"","ast-main-header-display":"","ast-hfb-above-header-display":"","ast-hfb-below-header-display":"","ast-hfb-mobile-header-display":"","site-post-title":"","ast-breadcrumbs-content":"","ast-featured-img":"","footer-sml-layout":"","ast-disable-related-posts":"","theme-transparent-header-meta":"","adv-header-id-meta":"","stick-header-meta":"","header-above-stick-meta":"","header-main-stick-meta":"","header-below-stick-meta":"","astra-migrate-meta-layouts":"default","ast-page-background-enabled":"default","ast-page-background-meta":{"desktop":{"background-color":"","background-image":"","background-repeat":"repeat","background-position":"center center","background-size":"auto","background-attachment":"scroll","background-type":"","background-media":"","overlay-type":"","overlay-color":"","overlay-opacity":"","overlay-gradient":""},"tablet":{"background-color":"","background-image":"","background-repeat":"repeat","background-position":"center center","background-size":"auto","background-attachment":"scroll","background-type":"","background-media":"","overlay-type":"","overlay-color":"","overlay-opacity":"","overlay-gradient":""},"mobile":{"background-color":"","background-image":"","background-repeat":"repeat","background-position":"center center","background-size":"auto","background-attachment":"scroll","background-type":"","background-media":"","overlay-type":"","overlay-color":"","overlay-opacity":"","overlay-gradient":""}},"ast-content-background-meta":{"desktop":{"background-color":"var(--ast-global-color-5)","background-image":"","background-repeat":"repeat","background-position":"center center","background-size":"auto","background-attachment":"scroll","background-type":"","background-media":"","overlay-type":"","overlay-color":"","overlay-opacity":"","overlay-gradient":""},"tablet":{"background-color":"var(--ast-global-color-5)","background-image":"","background-repeat":"repeat","background-position":"center center","background-size":"auto","background-attachment":"scroll","background-type":"","background-media":"","overlay-type":"","overlay-color":"","overlay-opacity":"","overlay-gradient":""},"mobile":{"background-color":"var(--ast-global-color-5)","background-image":"","background-repeat":"repeat","background-position":"center center","background-size":"auto","background-attachment":"scroll","background-type":"","background-media":"","overlay-type":"","overlay-color":"","overlay-opacity":"","overlay-gradient":""}},"footnotes":"","_joinchat":[]},"yoast_head":"<!-- This site is optimized with the Yoast SEO plugin v23.5 - https:\/\/yoast.com\/wordpress\/plugins\/seo\/ -->\n<title>Protecci\u00f3n de datos personales y tratamiento de datos - Cooperativa Genytec<\/title>\n<meta name=\"robots\" content=\"index, follow, max-snippet:-1, max-image-preview:large, max-video-preview:-1\" \/>\n<link rel=\"canonical\" href=\"https:\/\/cooperativagenytec.com\/en\/proteccion-de-datos-personales-y-tratamiento-de-datos-2\/\" \/>\n<meta property=\"og:locale\" content=\"en_US\" \/>\n<meta property=\"og:type\" content=\"article\" \/>\n<meta property=\"og:title\" content=\"Protecci\u00f3n de datos personales y tratamiento de datos - Cooperativa Genytec\" \/>\n<meta property=\"og:description\" content=\"En cumplimiento de la Ley Estatutaria 1581 de 2012, \u201cPor la cual se dictan disposiciones generales para la protecci\u00f3n de datos personales\u201d, (en adelante LEPD) y sus Decretos reglamentarios 1377 de 2103, \u201cPor el cual se reglamenta parcialmente la Ley 1581 de 2012\u201d, y el&nbsp; decreto 1074 de 2015&#8243; Por medio del cual se expide [&hellip;]\" \/>\n<meta property=\"og:url\" content=\"https:\/\/cooperativagenytec.com\/en\/proteccion-de-datos-personales-y-tratamiento-de-datos-2\/\" \/>\n<meta property=\"og:site_name\" content=\"Cooperativa Genytec\" \/>\n<meta property=\"article:modified_time\" content=\"2022-06-13T14:26:12+00:00\" \/>\n<meta name=\"twitter:card\" content=\"summary_large_image\" \/>\n<meta name=\"twitter:label1\" content=\"Est. reading time\" \/>\n\t<meta name=\"twitter:data1\" content=\"1 minute\" \/>\n<script type=\"application\/ld+json\" class=\"yoast-schema-graph\">{\"@context\":\"https:\/\/schema.org\",\"@graph\":[{\"@type\":\"WebPage\",\"@id\":\"https:\/\/cooperativagenytec.com\/proteccion-de-datos-personales-y-tratamiento-de-datos-2\/\",\"url\":\"https:\/\/cooperativagenytec.com\/proteccion-de-datos-personales-y-tratamiento-de-datos-2\/\",\"name\":\"Protecci\u00f3n de datos personales y tratamiento de datos - Cooperativa Genytec\",\"isPartOf\":{\"@id\":\"https:\/\/cooperativagenytec.com\/#website\"},\"datePublished\":\"2022-06-02T15:27:50+00:00\",\"dateModified\":\"2022-06-13T14:26:12+00:00\",\"breadcrumb\":{\"@id\":\"https:\/\/cooperativagenytec.com\/proteccion-de-datos-personales-y-tratamiento-de-datos-2\/#breadcrumb\"},\"inLanguage\":\"en-US\",\"potentialAction\":[{\"@type\":\"ReadAction\",\"target\":[\"https:\/\/cooperativagenytec.com\/proteccion-de-datos-personales-y-tratamiento-de-datos-2\/\"]}]},{\"@type\":\"BreadcrumbList\",\"@id\":\"https:\/\/cooperativagenytec.com\/proteccion-de-datos-personales-y-tratamiento-de-datos-2\/#breadcrumb\",\"itemListElement\":[{\"@type\":\"ListItem\",\"position\":1,\"name\":\"Portada\",\"item\":\"https:\/\/cooperativagenytec.com\/\"},{\"@type\":\"ListItem\",\"position\":2,\"name\":\"Protecci\u00f3n de datos personales y tratamiento de datos\"}]},{\"@type\":\"WebSite\",\"@id\":\"https:\/\/cooperativagenytec.com\/#website\",\"url\":\"https:\/\/cooperativagenytec.com\/\",\"name\":\"Cooperativa Genytec\",\"description\":\"Cooperativa Genytec\",\"publisher\":{\"@id\":\"https:\/\/cooperativagenytec.com\/#organization\"},\"potentialAction\":[{\"@type\":\"SearchAction\",\"target\":{\"@type\":\"EntryPoint\",\"urlTemplate\":\"https:\/\/cooperativagenytec.com\/?s={search_term_string}\"},\"query-input\":{\"@type\":\"PropertyValueSpecification\",\"valueRequired\":true,\"valueName\":\"search_term_string\"}}],\"inLanguage\":\"en-US\"},{\"@type\":\"Organization\",\"@id\":\"https:\/\/cooperativagenytec.com\/#organization\",\"name\":\"Cooperativa Genytec\",\"url\":\"https:\/\/cooperativagenytec.com\/\",\"logo\":{\"@type\":\"ImageObject\",\"inLanguage\":\"en-US\",\"@id\":\"https:\/\/cooperativagenytec.com\/#\/schema\/logo\/image\/\",\"url\":\"https:\/\/cooperativagenytec.com\/wp-content\/uploads\/2020\/11\/cropped-0-logo.png\",\"contentUrl\":\"https:\/\/cooperativagenytec.com\/wp-content\/uploads\/2020\/11\/cropped-0-logo.png\",\"width\":133,\"height\":100,\"caption\":\"Cooperativa Genytec\"},\"image\":{\"@id\":\"https:\/\/cooperativagenytec.com\/#\/schema\/logo\/image\/\"}}]}<\/script>\n<!-- \/ Yoast SEO plugin. -->","yoast_head_json":{"title":"Protecci\u00f3n de datos personales y tratamiento de datos - Cooperativa Genytec","robots":{"index":"index","follow":"follow","max-snippet":"max-snippet:-1","max-image-preview":"max-image-preview:large","max-video-preview":"max-video-preview:-1"},"canonical":"https:\/\/cooperativagenytec.com\/en\/proteccion-de-datos-personales-y-tratamiento-de-datos-2\/","og_locale":"en_US","og_type":"article","og_title":"Protecci\u00f3n de datos personales y tratamiento de datos - Cooperativa Genytec","og_description":"En cumplimiento de la Ley Estatutaria 1581 de 2012, \u201cPor la cual se dictan disposiciones generales para la protecci\u00f3n de datos personales\u201d, (en adelante LEPD) y sus Decretos reglamentarios 1377 de 2103, \u201cPor el cual se reglamenta parcialmente la Ley 1581 de 2012\u201d, y el&nbsp; decreto 1074 de 2015&#8243; Por medio del cual se expide [&hellip;]","og_url":"https:\/\/cooperativagenytec.com\/en\/proteccion-de-datos-personales-y-tratamiento-de-datos-2\/","og_site_name":"Cooperativa Genytec","article_modified_time":"2022-06-13T14:26:12+00:00","twitter_card":"summary_large_image","twitter_misc":{"Est. reading time":"1 minute"},"schema":{"@context":"https:\/\/schema.org","@graph":[{"@type":"WebPage","@id":"https:\/\/cooperativagenytec.com\/proteccion-de-datos-personales-y-tratamiento-de-datos-2\/","url":"https:\/\/cooperativagenytec.com\/proteccion-de-datos-personales-y-tratamiento-de-datos-2\/","name":"Protecci\u00f3n de datos personales y tratamiento de datos - Cooperativa Genytec","isPartOf":{"@id":"https:\/\/cooperativagenytec.com\/#website"},"datePublished":"2022-06-02T15:27:50+00:00","dateModified":"2022-06-13T14:26:12+00:00","breadcrumb":{"@id":"https:\/\/cooperativagenytec.com\/proteccion-de-datos-personales-y-tratamiento-de-datos-2\/#breadcrumb"},"inLanguage":"en-US","potentialAction":[{"@type":"ReadAction","target":["https:\/\/cooperativagenytec.com\/proteccion-de-datos-personales-y-tratamiento-de-datos-2\/"]}]},{"@type":"BreadcrumbList","@id":"https:\/\/cooperativagenytec.com\/proteccion-de-datos-personales-y-tratamiento-de-datos-2\/#breadcrumb","itemListElement":[{"@type":"ListItem","position":1,"name":"Portada","item":"https:\/\/cooperativagenytec.com\/"},{"@type":"ListItem","position":2,"name":"Protecci\u00f3n de datos personales y tratamiento de datos"}]},{"@type":"WebSite","@id":"https:\/\/cooperativagenytec.com\/#website","url":"https:\/\/cooperativagenytec.com\/","name":"Cooperativa Genytec","description":"Cooperativa Genytec","publisher":{"@id":"https:\/\/cooperativagenytec.com\/#organization"},"potentialAction":[{"@type":"SearchAction","target":{"@type":"EntryPoint","urlTemplate":"https:\/\/cooperativagenytec.com\/?s={search_term_string}"},"query-input":{"@type":"PropertyValueSpecification","valueRequired":true,"valueName":"search_term_string"}}],"inLanguage":"en-US"},{"@type":"Organization","@id":"https:\/\/cooperativagenytec.com\/#organization","name":"Cooperativa Genytec","url":"https:\/\/cooperativagenytec.com\/","logo":{"@type":"ImageObject","inLanguage":"en-US","@id":"https:\/\/cooperativagenytec.com\/#\/schema\/logo\/image\/","url":"https:\/\/cooperativagenytec.com\/wp-content\/uploads\/2020\/11\/cropped-0-logo.png","contentUrl":"https:\/\/cooperativagenytec.com\/wp-content\/uploads\/2020\/11\/cropped-0-logo.png","width":133,"height":100,"caption":"Cooperativa Genytec"},"image":{"@id":"https:\/\/cooperativagenytec.com\/#\/schema\/logo\/image\/"}}]}},"_links":{"self":[{"href":"https:\/\/cooperativagenytec.com\/en\/wp-json\/wp\/v2\/pages\/1560"}],"collection":[{"href":"https:\/\/cooperativagenytec.com\/en\/wp-json\/wp\/v2\/pages"}],"about":[{"href":"https:\/\/cooperativagenytec.com\/en\/wp-json\/wp\/v2\/types\/page"}],"author":[{"embeddable":true,"href":"https:\/\/cooperativagenytec.com\/en\/wp-json\/wp\/v2\/users\/1"}],"replies":[{"embeddable":true,"href":"https:\/\/cooperativagenytec.com\/en\/wp-json\/wp\/v2\/comments?post=1560"}],"version-history":[{"count":6,"href":"https:\/\/cooperativagenytec.com\/en\/wp-json\/wp\/v2\/pages\/1560\/revisions"}],"predecessor-version":[{"id":2191,"href":"https:\/\/cooperativagenytec.com\/en\/wp-json\/wp\/v2\/pages\/1560\/revisions\/2191"}],"wp:attachment":[{"href":"https:\/\/cooperativagenytec.com\/en\/wp-json\/wp\/v2\/media?parent=1560"}],"curies":[{"name":"wp","href":"https:\/\/api.w.org\/{rel}","templated":true}]}}