{"id":1391,"date":"2022-03-29T14:29:18","date_gmt":"2022-03-29T14:29:18","guid":{"rendered":"https:\/\/cooperativagenytec.com\/?page_id=1391"},"modified":"2022-06-07T14:40:51","modified_gmt":"2022-06-07T14:40:51","slug":"tecnico-de-mejoramiento-genetico-e-inseminacion-artificial","status":"publish","type":"page","link":"https:\/\/cooperativagenytec.com\/en\/tecnico-de-mejoramiento-genetico-e-inseminacion-artificial\/","title":{"rendered":"T\u00e9cnico de mejoramiento gen\u00e9tico e Inseminaci\u00f3n artificial"},"content":{"rendered":"<div data-elementor-type=\"wp-page\" data-elementor-id=\"1391\" class=\"elementor elementor-1391\">\n\t\t\t\t\t\t<section class=\"elementor-section elementor-top-section elementor-element elementor-element-27c9892d elementor-section-boxed elementor-section-height-default elementor-section-height-default\" data-id=\"27c9892d\" data-element_type=\"section\">\n\t\t\t\t\t\t<div class=\"elementor-container elementor-column-gap-default\">\n\t\t\t\t\t<div class=\"elementor-column elementor-col-100 elementor-top-column elementor-element elementor-element-55804052\" data-id=\"55804052\" data-element_type=\"column\">\n\t\t\t<div class=\"elementor-widget-wrap elementor-element-populated\">\n\t\t\t\t\t\t<div class=\"elementor-element elementor-element-42bd4b3a elementor-widget elementor-widget-text-editor\" data-id=\"42bd4b3a\" data-element_type=\"widget\" data-widget_type=\"text-editor.default\">\n\t\t\t\t<div class=\"elementor-widget-container\">\n\t\t\t\t\t\t\t\t\t<p><\/p>\n<p>REQUISITOS DE ESTUDIO Y EXPERIENCIA<\/p>\n<p><\/p>\n<p><\/p>\n<figure class=\"wp-block-table\">\n<table>\n<tbody>\n<tr>\n<td>Experiencia m\u00ednima de un mes (1) relacionada con la inseminaci\u00f3n artificial<\/td>\n<\/tr>\n<\/tbody>\n<\/table>\n<\/figure>\n<p><\/p>\n<p><\/p>\n<p>CONOCIMIENTOS BASICOS<\/p>\n<p><\/p>\n<p><\/p>\n<ol type=\"1\">\n<li>Manual de procesos y procedimientos.<\/li>\n<li>Gu\u00edas y protocolos de manejo y normas t\u00e9cnicas del mejoramiento gen\u00e9tico y la inseminaci\u00f3n artificial.<\/li>\n<li>Normas t\u00e9cnicas de promoci\u00f3n y prevenci\u00f3n.<\/li>\n<\/ol>\n<p><\/p>\n<p><\/p>\n<p>FUNCIONES<\/p>\n<p><\/p>\n<p><\/p>\n<p>Realizar actividades t\u00e9cnicas que ayuden al mejoramiento de las razas de ganado bovino y porcino de nuestros clientes, promover la cultura de la inseminaci\u00f3n artificial en el ganado, promover la utilizaci\u00f3n de semen de toros probados en la inseminaci\u00f3n, promover la utilizaci\u00f3n de semen porcino de alta gen\u00e9tica, recomendar la mejor opci\u00f3n econ\u00f3mica y productiva para el productor agropecuario, detecci\u00f3n de celo en el ganado, lavados uterino al ganado bovino y porcino, ayudar con la vigilancia epidemiol\u00f3gica del hato del cliente y todas aquellas recomendaciones t\u00e9cnicas inherentes a la especialidad.<\/p>\n<p><\/p>\t\t\t\t\t\t\t\t<\/div>\n\t\t\t\t<\/div>\n\t\t\t\t\t<\/div>\n\t\t<\/div>\n\t\t\t\t\t<\/div>\n\t\t<\/section>\n\t\t\t\t<section class=\"elementor-section elementor-top-section elementor-element elementor-element-10ef517 elementor-section-boxed elementor-section-height-default elementor-section-height-default\" data-id=\"10ef517\" data-element_type=\"section\">\n\t\t\t\t\t\t<div class=\"elementor-container elementor-column-gap-default\">\n\t\t\t\t\t<div class=\"elementor-column elementor-col-50 elementor-top-column elementor-element elementor-element-b478d77\" data-id=\"b478d77\" data-element_type=\"column\">\n\t\t\t<div class=\"elementor-widget-wrap elementor-element-populated\">\n\t\t\t\t\t\t<div class=\"elementor-element elementor-element-526515e elementor-mobile-align-center elementor-align-left elementor-widget elementor-widget-button\" data-id=\"526515e\" data-element_type=\"widget\" data-widget_type=\"button.default\">\n\t\t\t\t<div class=\"elementor-widget-container\">\n\t\t\t\t\t\t\t\t\t<div class=\"elementor-button-wrapper\">\n\t\t\t\t\t<a class=\"elementor-button elementor-button-link elementor-size-sm elementor-animation-sink\" href=\"https:\/\/cooperativagenytec.com\/en\/trabaja-con-nosotros\/\">\n\t\t\t\t\t\t<span class=\"elementor-button-content-wrapper\">\n\t\t\t\t\t\t<span class=\"elementor-button-icon\">\n\t\t\t\t<i aria-hidden=\"true\" class=\"fas fa-arrow-left\"><\/i>\t\t\t<\/span>\n\t\t\t\t\t\t\t\t\t<span class=\"elementor-button-text\">ATRAS<\/span>\n\t\t\t\t\t<\/span>\n\t\t\t\t\t<\/a>\n\t\t\t\t<\/div>\n\t\t\t\t\t\t\t\t<\/div>\n\t\t\t\t<\/div>\n\t\t\t\t\t<\/div>\n\t\t<\/div>\n\t\t\t\t<div class=\"elementor-column elementor-col-50 elementor-top-column elementor-element elementor-element-d5bd9ee\" data-id=\"d5bd9ee\" data-element_type=\"column\">\n\t\t\t<div class=\"elementor-widget-wrap elementor-element-populated\">\n\t\t\t\t\t\t<div class=\"elementor-element elementor-element-3ebaf18 elementor-mobile-align-center elementor-align-left elementor-widget elementor-widget-button\" data-id=\"3ebaf18\" data-element_type=\"widget\" data-widget_type=\"button.default\">\n\t\t\t\t<div class=\"elementor-widget-container\">\n\t\t\t\t\t\t\t\t\t<div class=\"elementor-button-wrapper\">\n\t\t\t\t\t<a class=\"elementor-button elementor-button-link elementor-size-sm elementor-animation-sink\" href=\"https:\/\/cooperativagenytec.com\/en\/prestacion-de-servicios\/\">\n\t\t\t\t\t\t<span class=\"elementor-button-content-wrapper\">\n\t\t\t\t\t\t<span class=\"elementor-button-icon\">\n\t\t\t\t<i aria-hidden=\"true\" class=\"fas fa-arrow-right\"><\/i>\t\t\t<\/span>\n\t\t\t\t\t\t\t\t\t<span class=\"elementor-button-text\">POSTULATE<\/span>\n\t\t\t\t\t<\/span>\n\t\t\t\t\t<\/a>\n\t\t\t\t<\/div>\n\t\t\t\t\t\t\t\t<\/div>\n\t\t\t\t<\/div>\n\t\t\t\t\t<\/div>\n\t\t<\/div>\n\t\t\t\t\t<\/div>\n\t\t<\/section>\n\t\t\t\t<\/div>","protected":false},"excerpt":{"rendered":"<p>REQUISITOS DE ESTUDIO Y EXPERIENCIA Experiencia m\u00ednima de un mes (1) relacionada con la inseminaci\u00f3n artificial CONOCIMIENTOS BASICOS Manual de procesos y procedimientos. Gu\u00edas y protocolos de manejo y normas t\u00e9cnicas del mejoramiento gen\u00e9tico y la inseminaci\u00f3n artificial. Normas t\u00e9cnicas de promoci\u00f3n y prevenci\u00f3n. FUNCIONES Realizar actividades t\u00e9cnicas que ayuden al mejoramiento de las razas [&hellip;]<\/p>\n","protected":false},"author":1,"featured_media":0,"parent":0,"menu_order":0,"comment_status":"closed","ping_status":"closed","template":"","meta":{"site-sidebar-layout":"default","site-content-layout":"","ast-site-content-layout":"default","site-content-style":"default","site-sidebar-style":"default","ast-global-header-display":"","ast-banner-title-visibility":"","ast-main-header-display":"","ast-hfb-above-header-display":"","ast-hfb-below-header-display":"","ast-hfb-mobile-header-display":"","site-post-title":"","ast-breadcrumbs-content":"","ast-featured-img":"","footer-sml-layout":"","ast-disable-related-posts":"","theme-transparent-header-meta":"","adv-header-id-meta":"","stick-header-meta":"","header-above-stick-meta":"","header-main-stick-meta":"","header-below-stick-meta":"","astra-migrate-meta-layouts":"default","ast-page-background-enabled":"default","ast-page-background-meta":{"desktop":{"background-color":"","background-image":"","background-repeat":"repeat","background-position":"center center","background-size":"auto","background-attachment":"scroll","background-type":"","background-media":"","overlay-type":"","overlay-color":"","overlay-opacity":"","overlay-gradient":""},"tablet":{"background-color":"","background-image":"","background-repeat":"repeat","background-position":"center center","background-size":"auto","background-attachment":"scroll","background-type":"","background-media":"","overlay-type":"","overlay-color":"","overlay-opacity":"","overlay-gradient":""},"mobile":{"background-color":"","background-image":"","background-repeat":"repeat","background-position":"center center","background-size":"auto","background-attachment":"scroll","background-type":"","background-media":"","overlay-type":"","overlay-color":"","overlay-opacity":"","overlay-gradient":""}},"ast-content-background-meta":{"desktop":{"background-color":"var(--ast-global-color-5)","background-image":"","background-repeat":"repeat","background-position":"center center","background-size":"auto","background-attachment":"scroll","background-type":"","background-media":"","overlay-type":"","overlay-color":"","overlay-opacity":"","overlay-gradient":""},"tablet":{"background-color":"var(--ast-global-color-5)","background-image":"","background-repeat":"repeat","background-position":"center center","background-size":"auto","background-attachment":"scroll","background-type":"","background-media":"","overlay-type":"","overlay-color":"","overlay-opacity":"","overlay-gradient":""},"mobile":{"background-color":"var(--ast-global-color-5)","background-image":"","background-repeat":"repeat","background-position":"center center","background-size":"auto","background-attachment":"scroll","background-type":"","background-media":"","overlay-type":"","overlay-color":"","overlay-opacity":"","overlay-gradient":""}},"footnotes":"","_joinchat":[]},"yoast_head":"<!-- This site is optimized with the Yoast SEO plugin v23.5 - https:\/\/yoast.com\/wordpress\/plugins\/seo\/ -->\n<title>T\u00e9cnico de mejoramiento gen\u00e9tico e Inseminaci\u00f3n artificial - Cooperativa Genytec<\/title>\n<meta name=\"robots\" content=\"index, follow, max-snippet:-1, max-image-preview:large, max-video-preview:-1\" \/>\n<link rel=\"canonical\" href=\"https:\/\/cooperativagenytec.com\/en\/tecnico-de-mejoramiento-genetico-e-inseminacion-artificial\/\" \/>\n<meta property=\"og:locale\" content=\"en_US\" \/>\n<meta property=\"og:type\" content=\"article\" \/>\n<meta property=\"og:title\" content=\"T\u00e9cnico de mejoramiento gen\u00e9tico e Inseminaci\u00f3n artificial - Cooperativa Genytec\" \/>\n<meta property=\"og:description\" content=\"REQUISITOS DE ESTUDIO Y EXPERIENCIA Experiencia m\u00ednima de un mes (1) relacionada con la inseminaci\u00f3n artificial CONOCIMIENTOS BASICOS Manual de procesos y procedimientos. Gu\u00edas y protocolos de manejo y normas t\u00e9cnicas del mejoramiento gen\u00e9tico y la inseminaci\u00f3n artificial. Normas t\u00e9cnicas de promoci\u00f3n y prevenci\u00f3n. FUNCIONES Realizar actividades t\u00e9cnicas que ayuden al mejoramiento de las razas [&hellip;]\" \/>\n<meta property=\"og:url\" content=\"https:\/\/cooperativagenytec.com\/en\/tecnico-de-mejoramiento-genetico-e-inseminacion-artificial\/\" \/>\n<meta property=\"og:site_name\" content=\"Cooperativa Genytec\" \/>\n<meta property=\"article:modified_time\" content=\"2022-06-07T14:40:51+00:00\" \/>\n<meta name=\"twitter:card\" content=\"summary_large_image\" \/>\n<meta name=\"twitter:label1\" content=\"Est. reading time\" \/>\n\t<meta name=\"twitter:data1\" content=\"1 minute\" \/>\n<script type=\"application\/ld+json\" class=\"yoast-schema-graph\">{\"@context\":\"https:\/\/schema.org\",\"@graph\":[{\"@type\":\"WebPage\",\"@id\":\"https:\/\/cooperativagenytec.com\/tecnico-de-mejoramiento-genetico-e-inseminacion-artificial\/\",\"url\":\"https:\/\/cooperativagenytec.com\/tecnico-de-mejoramiento-genetico-e-inseminacion-artificial\/\",\"name\":\"T\u00e9cnico de mejoramiento gen\u00e9tico e Inseminaci\u00f3n artificial - Cooperativa Genytec\",\"isPartOf\":{\"@id\":\"https:\/\/cooperativagenytec.com\/#website\"},\"datePublished\":\"2022-03-29T14:29:18+00:00\",\"dateModified\":\"2022-06-07T14:40:51+00:00\",\"breadcrumb\":{\"@id\":\"https:\/\/cooperativagenytec.com\/tecnico-de-mejoramiento-genetico-e-inseminacion-artificial\/#breadcrumb\"},\"inLanguage\":\"en-US\",\"potentialAction\":[{\"@type\":\"ReadAction\",\"target\":[\"https:\/\/cooperativagenytec.com\/tecnico-de-mejoramiento-genetico-e-inseminacion-artificial\/\"]}]},{\"@type\":\"BreadcrumbList\",\"@id\":\"https:\/\/cooperativagenytec.com\/tecnico-de-mejoramiento-genetico-e-inseminacion-artificial\/#breadcrumb\",\"itemListElement\":[{\"@type\":\"ListItem\",\"position\":1,\"name\":\"Portada\",\"item\":\"https:\/\/cooperativagenytec.com\/\"},{\"@type\":\"ListItem\",\"position\":2,\"name\":\"T\u00e9cnico de mejoramiento gen\u00e9tico e Inseminaci\u00f3n artificial\"}]},{\"@type\":\"WebSite\",\"@id\":\"https:\/\/cooperativagenytec.com\/#website\",\"url\":\"https:\/\/cooperativagenytec.com\/\",\"name\":\"Cooperativa Genytec\",\"description\":\"Cooperativa Genytec\",\"publisher\":{\"@id\":\"https:\/\/cooperativagenytec.com\/#organization\"},\"potentialAction\":[{\"@type\":\"SearchAction\",\"target\":{\"@type\":\"EntryPoint\",\"urlTemplate\":\"https:\/\/cooperativagenytec.com\/?s={search_term_string}\"},\"query-input\":{\"@type\":\"PropertyValueSpecification\",\"valueRequired\":true,\"valueName\":\"search_term_string\"}}],\"inLanguage\":\"en-US\"},{\"@type\":\"Organization\",\"@id\":\"https:\/\/cooperativagenytec.com\/#organization\",\"name\":\"Cooperativa Genytec\",\"url\":\"https:\/\/cooperativagenytec.com\/\",\"logo\":{\"@type\":\"ImageObject\",\"inLanguage\":\"en-US\",\"@id\":\"https:\/\/cooperativagenytec.com\/#\/schema\/logo\/image\/\",\"url\":\"https:\/\/cooperativagenytec.com\/wp-content\/uploads\/2020\/11\/cropped-0-logo.png\",\"contentUrl\":\"https:\/\/cooperativagenytec.com\/wp-content\/uploads\/2020\/11\/cropped-0-logo.png\",\"width\":133,\"height\":100,\"caption\":\"Cooperativa Genytec\"},\"image\":{\"@id\":\"https:\/\/cooperativagenytec.com\/#\/schema\/logo\/image\/\"}}]}<\/script>\n<!-- \/ Yoast SEO plugin. -->","yoast_head_json":{"title":"T\u00e9cnico de mejoramiento gen\u00e9tico e Inseminaci\u00f3n artificial - Cooperativa Genytec","robots":{"index":"index","follow":"follow","max-snippet":"max-snippet:-1","max-image-preview":"max-image-preview:large","max-video-preview":"max-video-preview:-1"},"canonical":"https:\/\/cooperativagenytec.com\/en\/tecnico-de-mejoramiento-genetico-e-inseminacion-artificial\/","og_locale":"en_US","og_type":"article","og_title":"T\u00e9cnico de mejoramiento gen\u00e9tico e Inseminaci\u00f3n artificial - Cooperativa Genytec","og_description":"REQUISITOS DE ESTUDIO Y EXPERIENCIA Experiencia m\u00ednima de un mes (1) relacionada con la inseminaci\u00f3n artificial CONOCIMIENTOS BASICOS Manual de procesos y procedimientos. Gu\u00edas y protocolos de manejo y normas t\u00e9cnicas del mejoramiento gen\u00e9tico y la inseminaci\u00f3n artificial. Normas t\u00e9cnicas de promoci\u00f3n y prevenci\u00f3n. FUNCIONES Realizar actividades t\u00e9cnicas que ayuden al mejoramiento de las razas [&hellip;]","og_url":"https:\/\/cooperativagenytec.com\/en\/tecnico-de-mejoramiento-genetico-e-inseminacion-artificial\/","og_site_name":"Cooperativa Genytec","article_modified_time":"2022-06-07T14:40:51+00:00","twitter_card":"summary_large_image","twitter_misc":{"Est. reading time":"1 minute"},"schema":{"@context":"https:\/\/schema.org","@graph":[{"@type":"WebPage","@id":"https:\/\/cooperativagenytec.com\/tecnico-de-mejoramiento-genetico-e-inseminacion-artificial\/","url":"https:\/\/cooperativagenytec.com\/tecnico-de-mejoramiento-genetico-e-inseminacion-artificial\/","name":"T\u00e9cnico de mejoramiento gen\u00e9tico e Inseminaci\u00f3n artificial - Cooperativa Genytec","isPartOf":{"@id":"https:\/\/cooperativagenytec.com\/#website"},"datePublished":"2022-03-29T14:29:18+00:00","dateModified":"2022-06-07T14:40:51+00:00","breadcrumb":{"@id":"https:\/\/cooperativagenytec.com\/tecnico-de-mejoramiento-genetico-e-inseminacion-artificial\/#breadcrumb"},"inLanguage":"en-US","potentialAction":[{"@type":"ReadAction","target":["https:\/\/cooperativagenytec.com\/tecnico-de-mejoramiento-genetico-e-inseminacion-artificial\/"]}]},{"@type":"BreadcrumbList","@id":"https:\/\/cooperativagenytec.com\/tecnico-de-mejoramiento-genetico-e-inseminacion-artificial\/#breadcrumb","itemListElement":[{"@type":"ListItem","position":1,"name":"Portada","item":"https:\/\/cooperativagenytec.com\/"},{"@type":"ListItem","position":2,"name":"T\u00e9cnico de mejoramiento gen\u00e9tico e Inseminaci\u00f3n artificial"}]},{"@type":"WebSite","@id":"https:\/\/cooperativagenytec.com\/#website","url":"https:\/\/cooperativagenytec.com\/","name":"Cooperativa Genytec","description":"Cooperativa Genytec","publisher":{"@id":"https:\/\/cooperativagenytec.com\/#organization"},"potentialAction":[{"@type":"SearchAction","target":{"@type":"EntryPoint","urlTemplate":"https:\/\/cooperativagenytec.com\/?s={search_term_string}"},"query-input":{"@type":"PropertyValueSpecification","valueRequired":true,"valueName":"search_term_string"}}],"inLanguage":"en-US"},{"@type":"Organization","@id":"https:\/\/cooperativagenytec.com\/#organization","name":"Cooperativa Genytec","url":"https:\/\/cooperativagenytec.com\/","logo":{"@type":"ImageObject","inLanguage":"en-US","@id":"https:\/\/cooperativagenytec.com\/#\/schema\/logo\/image\/","url":"https:\/\/cooperativagenytec.com\/wp-content\/uploads\/2020\/11\/cropped-0-logo.png","contentUrl":"https:\/\/cooperativagenytec.com\/wp-content\/uploads\/2020\/11\/cropped-0-logo.png","width":133,"height":100,"caption":"Cooperativa Genytec"},"image":{"@id":"https:\/\/cooperativagenytec.com\/#\/schema\/logo\/image\/"}}]}},"_links":{"self":[{"href":"https:\/\/cooperativagenytec.com\/en\/wp-json\/wp\/v2\/pages\/1391"}],"collection":[{"href":"https:\/\/cooperativagenytec.com\/en\/wp-json\/wp\/v2\/pages"}],"about":[{"href":"https:\/\/cooperativagenytec.com\/en\/wp-json\/wp\/v2\/types\/page"}],"author":[{"embeddable":true,"href":"https:\/\/cooperativagenytec.com\/en\/wp-json\/wp\/v2\/users\/1"}],"replies":[{"embeddable":true,"href":"https:\/\/cooperativagenytec.com\/en\/wp-json\/wp\/v2\/comments?post=1391"}],"version-history":[{"count":8,"href":"https:\/\/cooperativagenytec.com\/en\/wp-json\/wp\/v2\/pages\/1391\/revisions"}],"predecessor-version":[{"id":2474,"href":"https:\/\/cooperativagenytec.com\/en\/wp-json\/wp\/v2\/pages\/1391\/revisions\/2474"}],"wp:attachment":[{"href":"https:\/\/cooperativagenytec.com\/en\/wp-json\/wp\/v2\/media?parent=1391"}],"curies":[{"name":"wp","href":"https:\/\/api.w.org\/{rel}","templated":true}]}}